{"id":600,"date":"2025-01-20T13:00:26","date_gmt":"2025-01-20T12:00:26","guid":{"rendered":"https:\/\/www.audioprots.it\/?page_id=600"},"modified":"2025-01-20T13:01:29","modified_gmt":"2025-01-20T12:01:29","slug":"phonak-hoergeraete-alta-badia","status":"publish","type":"page","link":"https:\/\/www.audioprots.it\/de\/phonak-hoergeraete-alta-badia\/","title":{"rendered":"Phonak H\u00f6rger\u00e4te Alta Badia"},"content":{"rendered":"<p>[et_pb_section fb_built=&#8220;1&#8243; _builder_version=&#8220;4.14.8&#8243; _module_preset=&#8220;default&#8220; global_colors_info=&#8220;{}&#8220;][et_pb_row _builder_version=&#8220;4.14.8&#8243; _module_preset=&#8220;default&#8220; global_colors_info=&#8220;{}&#8220;][et_pb_column type=&#8220;4_4&#8243; _builder_version=&#8220;4.14.8&#8243; _module_preset=&#8220;default&#8220; global_colors_info=&#8220;{}&#8220;][et_pb_text _builder_version=&#8220;4.14.8&#8243; _module_preset=&#8220;default&#8220; global_colors_info=&#8220;{}&#8220;]<\/p>\n<h1>Phonak H\u00f6rger\u00e4te Alta Badia<\/h1>\n<p>Wenn Sie auf der Suche nach hochwertigen H\u00f6rger\u00e4ten sind, ist unser spezialisiertes Zentrum in Alta Badia der Ansprechpartner f\u00fcr innovative und zuverl\u00e4ssige L\u00f6sungen. Wir arbeiten mit Phonak, einer der f\u00fchrenden Marken im Bereich Audiologie, zusammen, um Ihnen Ger\u00e4te der neuesten Generation anzubieten, die Ihr H\u00f6rerlebnis deutlich verbessern k\u00f6nnen.<\/p>\n<p>Phonak-H\u00f6rger\u00e4te sind darauf ausgelegt, in jeder Situation eine hervorragende Leistung zu gew\u00e4hrleisten. Dank ihrer hochmodernen Technologien wie Hintergrundger\u00e4uschunterdr\u00fcckung, Sprachverst\u00e4rkung und Bluetooth-Konnektivit\u00e4t erm\u00f6glichen diese Ger\u00e4te Ihnen klares und nat\u00fcrliches H\u00f6ren, sowohl in ruhigen als auch in \u00fcberf\u00fcllten Umgebungen.<\/p>\n<p><strong>Warum Phonak w\u00e4hlen?<\/strong><\/p>\n<p>Phonak steht f\u00fcr Innovation, Komfort und Qualit\u00e4t. Die H\u00f6rger\u00e4te der Marke sind in einer breiten Palette von Modellen erh\u00e4ltlich, von den diskretesten bis zu solchen mit erweiterten Funktionen f\u00fcr Benutzer mit besonderen Bed\u00fcrfnissen. Dar\u00fcber hinaus sind viele Phonak-Ger\u00e4te mit wiederaufladbaren Systemen ausgestattet, wodurch ein h\u00e4ufiger Batteriewechsel entf\u00e4llt.<\/p>\n<h2>Phonak-H\u00f6rger\u00e4te zum Verkauf in Alta Badia<img loading=\"lazy\" class=\"wp-image-479 size-medium alignright\" src=\"https:\/\/www.audioprots.it\/wp-content\/uploads\/2024\/09\/SLIDER-1-300x205.jpg\" alt=\"Phonak H\u00f6rger\u00e4te Alta Badia\" width=\"300\" height=\"205\"><\/h2>\n<p>In unserem Zentrum bieten wir einen umfassenden Service, der mit der pers\u00f6nlichen Beratung beginnt. Wir f\u00fchren ausf\u00fchrliche H\u00f6rtests durch, um den Grad Ihres H\u00f6rverlusts zu beurteilen und Ihnen das f\u00fcr Ihre Bed\u00fcrfnisse am besten geeignete Phonak-Ger\u00e4t zu empfehlen.<\/p>\n<p>Ob Sie ein nahezu unsichtbares Ger\u00e4t oder ein Modell mit erweiterten Funktionen bevorzugen, wir finden die perfekte L\u00f6sung f\u00fcr Sie.<\/p>\n<p>Unser Engagement f\u00fcr unsere Kunden endet nicht mit dem Kauf. Wir bieten umfassende Unterst\u00fctzung, damit Ihre Phonak-H\u00f6rger\u00e4te stets leistungsf\u00e4hig bleiben.<\/p>\n<p>Wir bieten Reinigungs-, Anpassungs- und Reparaturdienste an, um Ihnen langfristig ein optimales H\u00f6rerlebnis zu garantieren.<\/p>\n<p>Dank Phonak-H\u00f6rger\u00e4ten k\u00f6nnen Sie das Vergn\u00fcgen, jedes Detail zu h\u00f6ren, neu entdecken.<\/p>\n<p>Diese Ger\u00e4te sind so konzipiert, dass sie sich nahtlos in Ihren Lebensstil integrieren und jeden Tag einfacher und erf\u00fcllender machen.<\/p>\n<p>Warten Sie nicht l\u00e4nger, um Ihre Lebensqualit\u00e4t zu verbessern. Kontaktieren Sie uns noch heute f\u00fcr weitere Informationen oder um eine unverbindliche Beratung in unserem Zentrum in Alta Badia zu vereinbaren.<\/p>\n<h3>&nbsp;Unser Expertenteam hilft Ihnen gerne dabei, die Freude am Gef\u00fchl wiederzufinden.<\/h3>\n<p>&nbsp;<\/p>\n<p>&nbsp;<\/p>\n<p>[\/et_pb_text][\/et_pb_column][\/et_pb_row][\/et_pb_section]<\/p>\n","protected":false},"excerpt":{"rendered":"<p>Phonak H\u00f6rger\u00e4te Alta Badia Wenn Sie auf der Suche nach hochwertigen H\u00f6rger\u00e4ten sind, ist unser spezialisiertes Zentrum in Alta Badia der Ansprechpartner f\u00fcr innovative und zuverl\u00e4ssige L\u00f6sungen. Wir arbeiten mit Phonak, einer der f\u00fchrenden Marken im Bereich Audiologie, zusammen, um Ihnen Ger\u00e4te der neuesten Generation anzubieten, die Ihr H\u00f6rerlebnis deutlich verbessern k\u00f6nnen. Phonak-H\u00f6rger\u00e4te sind darauf [&hellip;]<\/p>\n","protected":false},"author":1,"featured_media":0,"parent":0,"menu_order":0,"comment_status":"closed","ping_status":"closed","template":"","meta":{"_et_pb_use_builder":"on","_et_pb_old_content":"","_et_gb_content_width":"","ngg_post_thumbnail":0},"yoast_head":"<!-- This site is optimized with the Yoast SEO plugin v18.2 - https:\/\/yoast.com\/wordpress\/plugins\/seo\/ -->\n<title>Phonak H\u00f6rger\u00e4te Alta Badia - Audiopro<\/title>\n<meta name=\"description\" content=\"Kontaktieren Sie uns, um Phonak-H\u00f6rger\u00e4te in Alta Badia zu erhalten, kontaktieren Sie uns f\u00fcr Informationen.\" \/>\n<meta name=\"robots\" content=\"index, follow, max-snippet:-1, max-image-preview:large, max-video-preview:-1\" \/>\n<link rel=\"canonical\" href=\"https:\/\/www.audioprots.it\/de\/phonak-hoergeraete-alta-badia\/\" \/>\n<meta property=\"og:locale\" content=\"de_DE\" \/>\n<meta property=\"og:type\" content=\"article\" \/>\n<meta property=\"og:title\" content=\"Phonak H\u00f6rger\u00e4te Alta Badia - Audiopro\" \/>\n<meta property=\"og:description\" content=\"Kontaktieren Sie uns, um Phonak-H\u00f6rger\u00e4te in Alta Badia zu erhalten, kontaktieren Sie uns f\u00fcr Informationen.\" \/>\n<meta property=\"og:url\" content=\"https:\/\/www.audioprots.it\/de\/phonak-hoergeraete-alta-badia\/\" \/>\n<meta property=\"og:site_name\" content=\"Audiopro\" \/>\n<meta property=\"article:modified_time\" content=\"2025-01-20T12:01:29+00:00\" \/>\n<meta property=\"og:image\" content=\"https:\/\/www.audioprots.it\/wp-content\/uploads\/2024\/09\/SLIDER-1-300x205.jpg\" \/>\n<meta name=\"twitter:card\" content=\"summary_large_image\" \/>\n<meta name=\"twitter:label1\" content=\"Gesch\u00e4tzte Lesezeit\" \/>\n\t<meta name=\"twitter:data1\" content=\"2\u00a0Minuten\" \/>\n<script type=\"application\/ld+json\" class=\"yoast-schema-graph\">{\"@context\":\"https:\/\/schema.org\",\"@graph\":[{\"@type\":\"WebSite\",\"@id\":\"https:\/\/www.audioprots.it\/#website\",\"url\":\"https:\/\/www.audioprots.it\/\",\"name\":\"Audiopro\",\"description\":\"Centro acustico Trieste\",\"potentialAction\":[{\"@type\":\"SearchAction\",\"target\":{\"@type\":\"EntryPoint\",\"urlTemplate\":\"https:\/\/www.audioprots.it\/?s={search_term_string}\"},\"query-input\":\"required name=search_term_string\"}],\"inLanguage\":\"de\"},{\"@type\":\"ImageObject\",\"@id\":\"https:\/\/www.audioprots.it\/de\/phonak-hoergeraete-alta-badia\/#primaryimage\",\"inLanguage\":\"de\",\"url\":\"https:\/\/www.audioprots.it\/wp-content\/uploads\/2024\/09\/SLIDER-1.jpg\",\"contentUrl\":\"https:\/\/www.audioprots.it\/wp-content\/uploads\/2024\/09\/SLIDER-1.jpg\",\"width\":1200,\"height\":818},{\"@type\":\"WebPage\",\"@id\":\"https:\/\/www.audioprots.it\/de\/phonak-hoergeraete-alta-badia\/#webpage\",\"url\":\"https:\/\/www.audioprots.it\/de\/phonak-hoergeraete-alta-badia\/\",\"name\":\"Phonak H\u00f6rger\u00e4te Alta Badia - Audiopro\",\"isPartOf\":{\"@id\":\"https:\/\/www.audioprots.it\/#website\"},\"primaryImageOfPage\":{\"@id\":\"https:\/\/www.audioprots.it\/de\/phonak-hoergeraete-alta-badia\/#primaryimage\"},\"datePublished\":\"2025-01-20T12:00:26+00:00\",\"dateModified\":\"2025-01-20T12:01:29+00:00\",\"description\":\"Kontaktieren Sie uns, um Phonak-H\u00f6rger\u00e4te in Alta Badia zu erhalten, kontaktieren Sie uns f\u00fcr Informationen.\",\"breadcrumb\":{\"@id\":\"https:\/\/www.audioprots.it\/de\/phonak-hoergeraete-alta-badia\/#breadcrumb\"},\"inLanguage\":\"de\",\"potentialAction\":[{\"@type\":\"ReadAction\",\"target\":[\"https:\/\/www.audioprots.it\/de\/phonak-hoergeraete-alta-badia\/\"]}]},{\"@type\":\"BreadcrumbList\",\"@id\":\"https:\/\/www.audioprots.it\/de\/phonak-hoergeraete-alta-badia\/#breadcrumb\",\"itemListElement\":[{\"@type\":\"ListItem\",\"position\":1,\"name\":\"Home\",\"item\":\"https:\/\/www.audioprots.it\/de\/\"},{\"@type\":\"ListItem\",\"position\":2,\"name\":\"Phonak H\u00f6rger\u00e4te Alta Badia\"}]}]}<\/script>\n<!-- \/ Yoast SEO plugin. -->","yoast_head_json":{"title":"Phonak H\u00f6rger\u00e4te Alta Badia - Audiopro","description":"Kontaktieren Sie uns, um Phonak-H\u00f6rger\u00e4te in Alta Badia zu erhalten, kontaktieren Sie uns f\u00fcr Informationen.","robots":{"index":"index","follow":"follow","max-snippet":"max-snippet:-1","max-image-preview":"max-image-preview:large","max-video-preview":"max-video-preview:-1"},"canonical":"https:\/\/www.audioprots.it\/de\/phonak-hoergeraete-alta-badia\/","og_locale":"de_DE","og_type":"article","og_title":"Phonak H\u00f6rger\u00e4te Alta Badia - Audiopro","og_description":"Kontaktieren Sie uns, um Phonak-H\u00f6rger\u00e4te in Alta Badia zu erhalten, kontaktieren Sie uns f\u00fcr Informationen.","og_url":"https:\/\/www.audioprots.it\/de\/phonak-hoergeraete-alta-badia\/","og_site_name":"Audiopro","article_modified_time":"2025-01-20T12:01:29+00:00","og_image":[{"url":"https:\/\/www.audioprots.it\/wp-content\/uploads\/2024\/09\/SLIDER-1-300x205.jpg"}],"twitter_card":"summary_large_image","twitter_misc":{"Gesch\u00e4tzte Lesezeit":"2\u00a0Minuten"},"schema":{"@context":"https:\/\/schema.org","@graph":[{"@type":"WebSite","@id":"https:\/\/www.audioprots.it\/#website","url":"https:\/\/www.audioprots.it\/","name":"Audiopro","description":"Centro acustico Trieste","potentialAction":[{"@type":"SearchAction","target":{"@type":"EntryPoint","urlTemplate":"https:\/\/www.audioprots.it\/?s={search_term_string}"},"query-input":"required name=search_term_string"}],"inLanguage":"de"},{"@type":"ImageObject","@id":"https:\/\/www.audioprots.it\/de\/phonak-hoergeraete-alta-badia\/#primaryimage","inLanguage":"de","url":"https:\/\/www.audioprots.it\/wp-content\/uploads\/2024\/09\/SLIDER-1.jpg","contentUrl":"https:\/\/www.audioprots.it\/wp-content\/uploads\/2024\/09\/SLIDER-1.jpg","width":1200,"height":818},{"@type":"WebPage","@id":"https:\/\/www.audioprots.it\/de\/phonak-hoergeraete-alta-badia\/#webpage","url":"https:\/\/www.audioprots.it\/de\/phonak-hoergeraete-alta-badia\/","name":"Phonak H\u00f6rger\u00e4te Alta Badia - Audiopro","isPartOf":{"@id":"https:\/\/www.audioprots.it\/#website"},"primaryImageOfPage":{"@id":"https:\/\/www.audioprots.it\/de\/phonak-hoergeraete-alta-badia\/#primaryimage"},"datePublished":"2025-01-20T12:00:26+00:00","dateModified":"2025-01-20T12:01:29+00:00","description":"Kontaktieren Sie uns, um Phonak-H\u00f6rger\u00e4te in Alta Badia zu erhalten, kontaktieren Sie uns f\u00fcr Informationen.","breadcrumb":{"@id":"https:\/\/www.audioprots.it\/de\/phonak-hoergeraete-alta-badia\/#breadcrumb"},"inLanguage":"de","potentialAction":[{"@type":"ReadAction","target":["https:\/\/www.audioprots.it\/de\/phonak-hoergeraete-alta-badia\/"]}]},{"@type":"BreadcrumbList","@id":"https:\/\/www.audioprots.it\/de\/phonak-hoergeraete-alta-badia\/#breadcrumb","itemListElement":[{"@type":"ListItem","position":1,"name":"Home","item":"https:\/\/www.audioprots.it\/de\/"},{"@type":"ListItem","position":2,"name":"Phonak H\u00f6rger\u00e4te Alta Badia"}]}]}},"_links":{"self":[{"href":"https:\/\/www.audioprots.it\/de\/wp-json\/wp\/v2\/pages\/600"}],"collection":[{"href":"https:\/\/www.audioprots.it\/de\/wp-json\/wp\/v2\/pages"}],"about":[{"href":"https:\/\/www.audioprots.it\/de\/wp-json\/wp\/v2\/types\/page"}],"author":[{"embeddable":true,"href":"https:\/\/www.audioprots.it\/de\/wp-json\/wp\/v2\/users\/1"}],"replies":[{"embeddable":true,"href":"https:\/\/www.audioprots.it\/de\/wp-json\/wp\/v2\/comments?post=600"}],"version-history":[{"count":3,"href":"https:\/\/www.audioprots.it\/de\/wp-json\/wp\/v2\/pages\/600\/revisions"}],"predecessor-version":[{"id":604,"href":"https:\/\/www.audioprots.it\/de\/wp-json\/wp\/v2\/pages\/600\/revisions\/604"}],"wp:attachment":[{"href":"https:\/\/www.audioprots.it\/de\/wp-json\/wp\/v2\/media?parent=600"}],"curies":[{"name":"wp","href":"https:\/\/api.w.org\/{rel}","templated":true}]}}