{"id":596,"date":"2025-01-20T12:56:55","date_gmt":"2025-01-20T11:56:55","guid":{"rendered":"https:\/\/www.audioprots.it\/?page_id=596"},"modified":"2025-01-20T12:56:59","modified_gmt":"2025-01-20T11:56:59","slug":"hoergeraete-service-alta-badia","status":"publish","type":"page","link":"https:\/\/www.audioprots.it\/de\/hoergeraete-service-alta-badia\/","title":{"rendered":"H\u00f6rger\u00e4te Service Alta Badia"},"content":{"rendered":"<p>[et_pb_section fb_built=&#8220;1&#8243; theme_builder_area=&#8220;post_content&#8220; _builder_version=&#8220;4.14.8&#8243; _module_preset=&#8220;default&#8220;][et_pb_row _builder_version=&#8220;4.14.8&#8243; _module_preset=&#8220;default&#8220; theme_builder_area=&#8220;post_content&#8220;][et_pb_column _builder_version=&#8220;4.14.8&#8243; _module_preset=&#8220;default&#8220; type=&#8220;4_4&#8243; theme_builder_area=&#8220;post_content&#8220;][et_pb_text _builder_version=&#8220;4.14.8&#8243; _module_preset=&#8220;default&#8220; theme_builder_area=&#8220;post_content&#8220; hover_enabled=&#8220;0&#8243; sticky_enabled=&#8220;0&#8243;]<\/p>\n<h1>H\u00f6rger\u00e4te Service Alta Badia<\/h1>\n<p>Wenn Sie einen zuverl\u00e4ssigen und professionellen Service f\u00fcr H\u00f6rger\u00e4te in Alta Badia suchen, steht Ihnen unser spezialisiertes Zentrum zur Verf\u00fcgung.<\/p>\n<p>Dank unserer Erfahrung und Zusammenarbeit mit den besten Marken der Branche bieten wir ma\u00dfgeschneiderte L\u00f6sungen zur Verbesserung der Lebensqualit\u00e4t von Menschen mit H\u00f6rproblemen.<\/p>\n<p>Heutzutage stellen H\u00f6rprothesen einen wesentlichen Verb\u00fcndeten f\u00fcr diejenigen dar, die ein umfassendes Klangerlebnis wiedererlangen m\u00f6chten.<\/p>\n<p>Unsere Ger\u00e4te sind so konzipiert, dass sie sich perfekt an die Bed\u00fcrfnisse jedes Kunden anpassen und fortschrittliche Technologie und Komfort vereinen.<\/p>\n<p>Ganz gleich, ob Sie unter einem leichten H\u00f6rverlust leiden oder anspruchsvollere Unterst\u00fctzung ben\u00f6tigen, wir helfen Ihnen, die ideale L\u00f6sung f\u00fcr Sie zu finden.<\/p>\n<p><strong>Ein personalisierter Ansatz<\/strong><\/p>\n<p>Unser Service beginnt immer mit einer sorgf\u00e4ltigen, individuellen Beratung. Wir f\u00fchren professionelle H\u00f6rtests durch, um den Grad des H\u00f6rverlusts zu beurteilen und bieten speziell auf Ihre Bed\u00fcrfnisse abgestimmte Ger\u00e4te an.<\/p>\n<p>Jedes H\u00f6rger\u00e4t ist so konfiguriert und eingestellt, dass es maximale Leistung bietet und in jeder Umgebung ein klares und nat\u00fcrliches H\u00f6ren gew\u00e4hrleistet.<\/p>\n<h2>H\u00f6rger\u00e4te der neuesten Generation<img loading=\"lazy\" class=\"wp-image-479 size-medium alignright\" src=\"https:\/\/www.audioprots.it\/wp-content\/uploads\/2024\/09\/SLIDER-1-300x205.jpg\" alt=\"H\u00f6rger\u00e4te Service Alta Badia\" width=\"300\" height=\"205\"><\/h2>\n<p>Wir arbeiten mit branchenf\u00fchrenden Herstellern zusammen, um H\u00f6rger\u00e4te anzubieten, die mit innovativen Technologien wie Umgebungsger\u00e4uschunterdr\u00fcckung, Sprachverst\u00e4rkung und Bluetooth-Konnektivit\u00e4t ausgestattet sind.<\/p>\n<p>Mit diesen Ger\u00e4ten k\u00f6nnen Sie jeden Kontext gelassen meistern, vom Familiendialog bis hin zu Situationen, in denen es am meisten Menschenansammlungen gibt.<\/p>\n<p>Unser Engagement h\u00f6rt nicht bei der Installation des H\u00f6rger\u00e4ts auf. Wir bieten einen kompletten After-Sales-Service, der regelm\u00e4\u00dfige Anpassungen, Wartung und technischen Support umfasst.<\/p>\n<p>Ihre Zufriedenheit und die optimale Funktion des Ger\u00e4tes haben f\u00fcr uns absolute Priorit\u00e4t.<\/p>\n<p>Durch unsere Pr\u00e4senz in der Region Alta Badia k\u00f6nnen wir einen schnellen und zug\u00e4nglichen Service garantieren. Unser Expertenteam ist jederzeit bereit, Ihre Fragen zu beantworten, Sie bei der Auswahl der am besten geeigneten Prothese zu unterst\u00fctzen und Ihnen die Unterst\u00fctzung zu bieten, die Sie ben\u00f6tigen.<\/p>\n<p>Lassen Sie nicht zu, dass H\u00f6rprobleme Ihr t\u00e4gliches Leben einschr\u00e4nken.<\/p>\n<h3>Kontaktieren Sie uns noch heute f\u00fcr weitere Informationen oder um eine kostenlose Beratung zu buchen<\/h3>\n<p>&nbsp;<\/p>\n<p>[\/et_pb_text][\/et_pb_column][\/et_pb_row][\/et_pb_section]<\/p>\n","protected":false},"excerpt":{"rendered":"<p>H\u00f6rger\u00e4te Service Alta Badia Wenn Sie einen zuverl\u00e4ssigen und professionellen Service f\u00fcr H\u00f6rger\u00e4te in Alta Badia suchen, steht Ihnen unser spezialisiertes Zentrum zur Verf\u00fcgung. Dank unserer Erfahrung und Zusammenarbeit mit den besten Marken der Branche bieten wir ma\u00dfgeschneiderte L\u00f6sungen zur Verbesserung der Lebensqualit\u00e4t von Menschen mit H\u00f6rproblemen. Heutzutage stellen H\u00f6rprothesen einen wesentlichen Verb\u00fcndeten f\u00fcr diejenigen [&hellip;]<\/p>\n","protected":false},"author":1,"featured_media":0,"parent":0,"menu_order":0,"comment_status":"closed","ping_status":"closed","template":"","meta":{"_et_pb_use_builder":"on","_et_pb_old_content":"","_et_gb_content_width":"","ngg_post_thumbnail":0},"yoast_head":"<!-- This site is optimized with the Yoast SEO plugin v18.2 - https:\/\/yoast.com\/wordpress\/plugins\/seo\/ -->\n<title>H\u00f6rger\u00e4te Service Alta Badia - Audiopro<\/title>\n<meta name=\"description\" content=\"Wir bieten einen hervorragenden H\u00f6rger\u00e4teservice in Alta Badia. Kontaktieren Sie uns f\u00fcr weitere Informationen.\" \/>\n<meta name=\"robots\" content=\"index, follow, max-snippet:-1, max-image-preview:large, max-video-preview:-1\" \/>\n<link rel=\"canonical\" href=\"https:\/\/www.audioprots.it\/de\/hoergeraete-service-alta-badia\/\" \/>\n<meta property=\"og:locale\" content=\"de_DE\" \/>\n<meta property=\"og:type\" content=\"article\" \/>\n<meta property=\"og:title\" content=\"H\u00f6rger\u00e4te Service Alta Badia - Audiopro\" \/>\n<meta property=\"og:description\" content=\"Wir bieten einen hervorragenden H\u00f6rger\u00e4teservice in Alta Badia. Kontaktieren Sie uns f\u00fcr weitere Informationen.\" \/>\n<meta property=\"og:url\" content=\"https:\/\/www.audioprots.it\/de\/hoergeraete-service-alta-badia\/\" \/>\n<meta property=\"og:site_name\" content=\"Audiopro\" \/>\n<meta property=\"article:modified_time\" content=\"2025-01-20T11:56:59+00:00\" \/>\n<meta property=\"og:image\" content=\"https:\/\/www.audioprots.it\/wp-content\/uploads\/2024\/09\/SLIDER-1-300x205.jpg\" \/>\n<meta name=\"twitter:card\" content=\"summary_large_image\" \/>\n<meta name=\"twitter:label1\" content=\"Gesch\u00e4tzte Lesezeit\" \/>\n\t<meta name=\"twitter:data1\" content=\"2\u00a0Minuten\" \/>\n<script type=\"application\/ld+json\" class=\"yoast-schema-graph\">{\"@context\":\"https:\/\/schema.org\",\"@graph\":[{\"@type\":\"WebSite\",\"@id\":\"https:\/\/www.audioprots.it\/#website\",\"url\":\"https:\/\/www.audioprots.it\/\",\"name\":\"Audiopro\",\"description\":\"Centro acustico Trieste\",\"potentialAction\":[{\"@type\":\"SearchAction\",\"target\":{\"@type\":\"EntryPoint\",\"urlTemplate\":\"https:\/\/www.audioprots.it\/?s={search_term_string}\"},\"query-input\":\"required name=search_term_string\"}],\"inLanguage\":\"de\"},{\"@type\":\"ImageObject\",\"@id\":\"https:\/\/www.audioprots.it\/de\/hoergeraete-service-alta-badia\/#primaryimage\",\"inLanguage\":\"de\",\"url\":\"https:\/\/www.audioprots.it\/wp-content\/uploads\/2024\/09\/SLIDER-1.jpg\",\"contentUrl\":\"https:\/\/www.audioprots.it\/wp-content\/uploads\/2024\/09\/SLIDER-1.jpg\",\"width\":1200,\"height\":818},{\"@type\":\"WebPage\",\"@id\":\"https:\/\/www.audioprots.it\/de\/hoergeraete-service-alta-badia\/#webpage\",\"url\":\"https:\/\/www.audioprots.it\/de\/hoergeraete-service-alta-badia\/\",\"name\":\"H\u00f6rger\u00e4te Service Alta Badia - Audiopro\",\"isPartOf\":{\"@id\":\"https:\/\/www.audioprots.it\/#website\"},\"primaryImageOfPage\":{\"@id\":\"https:\/\/www.audioprots.it\/de\/hoergeraete-service-alta-badia\/#primaryimage\"},\"datePublished\":\"2025-01-20T11:56:55+00:00\",\"dateModified\":\"2025-01-20T11:56:59+00:00\",\"description\":\"Wir bieten einen hervorragenden H\u00f6rger\u00e4teservice in Alta Badia. Kontaktieren Sie uns f\u00fcr weitere Informationen.\",\"breadcrumb\":{\"@id\":\"https:\/\/www.audioprots.it\/de\/hoergeraete-service-alta-badia\/#breadcrumb\"},\"inLanguage\":\"de\",\"potentialAction\":[{\"@type\":\"ReadAction\",\"target\":[\"https:\/\/www.audioprots.it\/de\/hoergeraete-service-alta-badia\/\"]}]},{\"@type\":\"BreadcrumbList\",\"@id\":\"https:\/\/www.audioprots.it\/de\/hoergeraete-service-alta-badia\/#breadcrumb\",\"itemListElement\":[{\"@type\":\"ListItem\",\"position\":1,\"name\":\"Home\",\"item\":\"https:\/\/www.audioprots.it\/de\/\"},{\"@type\":\"ListItem\",\"position\":2,\"name\":\"H\u00f6rger\u00e4te Service Alta Badia\"}]}]}<\/script>\n<!-- \/ Yoast SEO plugin. -->","yoast_head_json":{"title":"H\u00f6rger\u00e4te Service Alta Badia - Audiopro","description":"Wir bieten einen hervorragenden H\u00f6rger\u00e4teservice in Alta Badia. Kontaktieren Sie uns f\u00fcr weitere Informationen.","robots":{"index":"index","follow":"follow","max-snippet":"max-snippet:-1","max-image-preview":"max-image-preview:large","max-video-preview":"max-video-preview:-1"},"canonical":"https:\/\/www.audioprots.it\/de\/hoergeraete-service-alta-badia\/","og_locale":"de_DE","og_type":"article","og_title":"H\u00f6rger\u00e4te Service Alta Badia - Audiopro","og_description":"Wir bieten einen hervorragenden H\u00f6rger\u00e4teservice in Alta Badia. Kontaktieren Sie uns f\u00fcr weitere Informationen.","og_url":"https:\/\/www.audioprots.it\/de\/hoergeraete-service-alta-badia\/","og_site_name":"Audiopro","article_modified_time":"2025-01-20T11:56:59+00:00","og_image":[{"url":"https:\/\/www.audioprots.it\/wp-content\/uploads\/2024\/09\/SLIDER-1-300x205.jpg"}],"twitter_card":"summary_large_image","twitter_misc":{"Gesch\u00e4tzte Lesezeit":"2\u00a0Minuten"},"schema":{"@context":"https:\/\/schema.org","@graph":[{"@type":"WebSite","@id":"https:\/\/www.audioprots.it\/#website","url":"https:\/\/www.audioprots.it\/","name":"Audiopro","description":"Centro acustico Trieste","potentialAction":[{"@type":"SearchAction","target":{"@type":"EntryPoint","urlTemplate":"https:\/\/www.audioprots.it\/?s={search_term_string}"},"query-input":"required name=search_term_string"}],"inLanguage":"de"},{"@type":"ImageObject","@id":"https:\/\/www.audioprots.it\/de\/hoergeraete-service-alta-badia\/#primaryimage","inLanguage":"de","url":"https:\/\/www.audioprots.it\/wp-content\/uploads\/2024\/09\/SLIDER-1.jpg","contentUrl":"https:\/\/www.audioprots.it\/wp-content\/uploads\/2024\/09\/SLIDER-1.jpg","width":1200,"height":818},{"@type":"WebPage","@id":"https:\/\/www.audioprots.it\/de\/hoergeraete-service-alta-badia\/#webpage","url":"https:\/\/www.audioprots.it\/de\/hoergeraete-service-alta-badia\/","name":"H\u00f6rger\u00e4te Service Alta Badia - Audiopro","isPartOf":{"@id":"https:\/\/www.audioprots.it\/#website"},"primaryImageOfPage":{"@id":"https:\/\/www.audioprots.it\/de\/hoergeraete-service-alta-badia\/#primaryimage"},"datePublished":"2025-01-20T11:56:55+00:00","dateModified":"2025-01-20T11:56:59+00:00","description":"Wir bieten einen hervorragenden H\u00f6rger\u00e4teservice in Alta Badia. Kontaktieren Sie uns f\u00fcr weitere Informationen.","breadcrumb":{"@id":"https:\/\/www.audioprots.it\/de\/hoergeraete-service-alta-badia\/#breadcrumb"},"inLanguage":"de","potentialAction":[{"@type":"ReadAction","target":["https:\/\/www.audioprots.it\/de\/hoergeraete-service-alta-badia\/"]}]},{"@type":"BreadcrumbList","@id":"https:\/\/www.audioprots.it\/de\/hoergeraete-service-alta-badia\/#breadcrumb","itemListElement":[{"@type":"ListItem","position":1,"name":"Home","item":"https:\/\/www.audioprots.it\/de\/"},{"@type":"ListItem","position":2,"name":"H\u00f6rger\u00e4te Service Alta Badia"}]}]}},"_links":{"self":[{"href":"https:\/\/www.audioprots.it\/de\/wp-json\/wp\/v2\/pages\/596"}],"collection":[{"href":"https:\/\/www.audioprots.it\/de\/wp-json\/wp\/v2\/pages"}],"about":[{"href":"https:\/\/www.audioprots.it\/de\/wp-json\/wp\/v2\/types\/page"}],"author":[{"embeddable":true,"href":"https:\/\/www.audioprots.it\/de\/wp-json\/wp\/v2\/users\/1"}],"replies":[{"embeddable":true,"href":"https:\/\/www.audioprots.it\/de\/wp-json\/wp\/v2\/comments?post=596"}],"version-history":[{"count":2,"href":"https:\/\/www.audioprots.it\/de\/wp-json\/wp\/v2\/pages\/596\/revisions"}],"predecessor-version":[{"id":599,"href":"https:\/\/www.audioprots.it\/de\/wp-json\/wp\/v2\/pages\/596\/revisions\/599"}],"wp:attachment":[{"href":"https:\/\/www.audioprots.it\/de\/wp-json\/wp\/v2\/media?parent=596"}],"curies":[{"name":"wp","href":"https:\/\/api.w.org\/{rel}","templated":true}]}}