{"id":586,"date":"2025-01-20T12:34:57","date_gmt":"2025-01-20T11:34:57","guid":{"rendered":"https:\/\/www.audioprots.it\/?page_id=586"},"modified":"2025-01-20T12:40:18","modified_gmt":"2025-01-20T11:40:18","slug":"verkauf-von-hoergeraeten-alta-badia","status":"publish","type":"page","link":"https:\/\/www.audioprots.it\/de\/verkauf-von-hoergeraeten-alta-badia\/","title":{"rendered":"Verkauf von H\u00f6rger\u00e4ten Alta Badia"},"content":{"rendered":"<p>[et_pb_section fb_built=&#8220;1&#8243; _builder_version=&#8220;4.14.8&#8243; _module_preset=&#8220;default&#8220; global_colors_info=&#8220;{}&#8220; custom_padding=&#8220;127px||0px|||&#8220; background_image=&#8220;https:\/\/www.audioprots.it\/wp-content\/uploads\/2024\/09\/Repeat-Grid-1-1.png&#8220; background_size=&#8220;initial&#8220; background_position=&#8220;bottom_left&#8220;][et_pb_row _builder_version=&#8220;4.14.8&#8243; _module_preset=&#8220;default&#8220; global_colors_info=&#8220;{}&#8220;][et_pb_column type=&#8220;4_4&#8243; _builder_version=&#8220;4.14.8&#8243; _module_preset=&#8220;default&#8220; global_colors_info=&#8220;{}&#8220;][et_pb_text _builder_version=&#8220;4.14.8&#8243; _module_preset=&#8220;default&#8220; global_colors_info=&#8220;{}&#8220;]<\/p>\n<h1>Verkauf von H\u00f6rger\u00e4ten Alta Badia<\/h1>\n<p>Wenn Sie nach L\u00f6sungen zur Verbesserung Ihres H\u00f6rverm\u00f6gens suchen, ist unser spezialisiertes Zentrum die Antwort auf Ihre Bed\u00fcrfnisse. Wir bieten eine breite Palette an H\u00f6rger\u00e4ten der neuesten Generation an, die auf Komfort, hervorragende Leistung und unvergleichliche Klangqualit\u00e4t ausgelegt sind.<\/p>\n<p>Egal, ob es sich um eine leichte H\u00f6rbeeintr\u00e4chtigung oder einen ausgepr\u00e4gteren H\u00f6rverlust handelt, wir haben f\u00fcr jedes Bed\u00fcrfnis das richtige Ger\u00e4t.<\/p>\n<p>Unsere H\u00f6rger\u00e4te werden mit fortschrittlichen Technologien wie Ger\u00e4uschunterdr\u00fcckung und Stimmverst\u00e4rkung entwickelt, um auch in den schwierigsten Situationen ein nat\u00fcrliches H\u00f6rerlebnis zu gew\u00e4hrleisten.<\/p>\n<p>Egal, ob Sie Ihre Tage damit verbringen, die Ruhe der Alta Badia-Berge zu genie\u00dfen oder an Gesch\u00e4ftstreffen teilzunehmen, mit unseren Ger\u00e4ten k\u00f6nnen Sie jeden Moment voll und ganz erleben.<\/p>\n<p><strong>Pers\u00f6nliche Beratung<\/strong><\/p>\n<p>Unser Expertenteam steht Ihnen jederzeit zur Verf\u00fcgung, um Sie bei der Auswahl des besten H\u00f6rger\u00e4ts zu unterst\u00fctzen.<\/p>\n<p>Wir f\u00fchren kostenlose H\u00f6rtests durch und analysieren sorgf\u00e4ltig Ihre pers\u00f6nlichen Bed\u00fcrfnisse. Jede L\u00f6sung ist ma\u00dfgeschneidert und garantiert maximalen Komfort und perfekte Anpassung an die Anatomie des Ohrs.<\/p>\n<h2>Unsichtbare H\u00f6rger\u00e4te in Alta Badia<img loading=\"lazy\" class=\"wp-image-489 size-medium alignright\" src=\"https:\/\/www.audioprots.it\/wp-content\/uploads\/2024\/09\/FOTO-2-min-400x250-1-300x205.jpg\" alt=\"Verkauf von H\u00f6rger\u00e4ten Alta Badia\" width=\"300\" height=\"205\" srcset=\"https:\/\/www.audioprots.it\/wp-content\/uploads\/2024\/09\/FOTO-2-min-400x250-1-300x205.jpg 300w, https:\/\/www.audioprots.it\/wp-content\/uploads\/2024\/09\/FOTO-2-min-400x250-1.jpg 349w\" sizes=\"(max-width: 300px) 100vw, 300px\" \/><\/h2>\n<p>Der Kauf eines H\u00f6rger\u00e4ts in unserem Zentrum bedeutet auch, dass Sie sich auf einen umfassenden und konstanten Betreuungsservice verlassen k\u00f6nnen.<\/p>\n<p>Wir k\u00fcmmern uns um die Wartung, Reinigung und regelm\u00e4\u00dfige Anpassung der Ger\u00e4te, um deren Effizienz im Laufe der Zeit zu gew\u00e4hrleisten. Dar\u00fcber hinaus bieten wir bei St\u00f6rungen schnellen technischen Support.<\/p>\n<p>Wir arbeiten mit den besten Marken der Branche zusammen, um Ihnen H\u00f6rger\u00e4te anzubieten, die mit den innovativsten Technologien ausgestattet sind. Dazu geh\u00f6ren Bluetooth-Konnektivit\u00e4t f\u00fcr die direkte Verbindung mit Ihrem Smartphone oder Fernseher sowie wiederaufladbare Ger\u00e4te, um Wegwerfbatterien zu verabschieden.<\/p>\n<p>Unser Ziel ist es, die Lebensqualit\u00e4t von Menschen mit H\u00f6rproblemen durch das Angebot zuverl\u00e4ssiger und modernster L\u00f6sungen zu verbessern. Wir sind in der Region Alta Badia pr\u00e4sent, um Ihnen einen nahen und zug\u00e4nglichen Service zu garantieren.<\/p>\n<p>Kontaktieren Sie uns noch heute f\u00fcr weitere Informationen oder um ein unverbindliches Beratungsgespr\u00e4ch zu vereinbaren. Unser Team hilft Ihnen gerne dabei, die Freude am H\u00f6ren jedes Ger\u00e4usches wiederzuentdecken, vom Rascheln der Bl\u00e4tter bis zum Knirschen des Schnees unter Ihren F\u00fc\u00dfen.<\/p>\n<h3>W\u00e4hlen Sie das Beste f\u00fcr Ihr Geh\u00f6r, entscheiden Sie sich f\u00fcr uns.<\/h3>\n<p>&nbsp;<\/p>\n<p>[\/et_pb_text][\/et_pb_column][\/et_pb_row][\/et_pb_section]<\/p>\n","protected":false},"excerpt":{"rendered":"<p>Verkauf von H\u00f6rger\u00e4ten Alta Badia Wenn Sie nach L\u00f6sungen zur Verbesserung Ihres H\u00f6rverm\u00f6gens suchen, ist unser spezialisiertes Zentrum die Antwort auf Ihre Bed\u00fcrfnisse. Wir bieten eine breite Palette an H\u00f6rger\u00e4ten der neuesten Generation an, die auf Komfort, hervorragende Leistung und unvergleichliche Klangqualit\u00e4t ausgelegt sind. Egal, ob es sich um eine leichte H\u00f6rbeeintr\u00e4chtigung oder einen ausgepr\u00e4gteren [&hellip;]<\/p>\n","protected":false},"author":1,"featured_media":0,"parent":0,"menu_order":0,"comment_status":"closed","ping_status":"closed","template":"","meta":{"_et_pb_use_builder":"on","_et_pb_old_content":"","_et_gb_content_width":"","ngg_post_thumbnail":0},"yoast_head":"<!-- This site is optimized with the Yoast SEO plugin v18.2 - https:\/\/yoast.com\/wordpress\/plugins\/seo\/ -->\n<title>Verkauf von H\u00f6rger\u00e4ten Alta Badia - Audiopro<\/title>\n<meta name=\"description\" content=\"Wir verkaufen H\u00f6rger\u00e4te in Alta Badia. Kontaktieren Sie uns f\u00fcr weitere Informationen, wir stehen Ihnen gerne zur Verf\u00fcgung.\" \/>\n<meta name=\"robots\" content=\"index, follow, max-snippet:-1, max-image-preview:large, max-video-preview:-1\" \/>\n<link rel=\"canonical\" href=\"https:\/\/www.audioprots.it\/de\/verkauf-von-hoergeraeten-alta-badia\/\" \/>\n<meta property=\"og:locale\" content=\"de_DE\" \/>\n<meta property=\"og:type\" content=\"article\" \/>\n<meta property=\"og:title\" content=\"Verkauf von H\u00f6rger\u00e4ten Alta Badia - Audiopro\" \/>\n<meta property=\"og:description\" content=\"Wir verkaufen H\u00f6rger\u00e4te in Alta Badia. Kontaktieren Sie uns f\u00fcr weitere Informationen, wir stehen Ihnen gerne zur Verf\u00fcgung.\" \/>\n<meta property=\"og:url\" content=\"https:\/\/www.audioprots.it\/de\/verkauf-von-hoergeraeten-alta-badia\/\" \/>\n<meta property=\"og:site_name\" content=\"Audiopro\" \/>\n<meta property=\"article:modified_time\" content=\"2025-01-20T11:40:18+00:00\" \/>\n<meta property=\"og:image\" content=\"https:\/\/www.audioprots.it\/wp-content\/uploads\/2024\/09\/FOTO-2-min-400x250-1-300x205.jpg\" \/>\n<meta name=\"twitter:card\" content=\"summary_large_image\" \/>\n<meta name=\"twitter:label1\" content=\"Gesch\u00e4tzte Lesezeit\" \/>\n\t<meta name=\"twitter:data1\" content=\"2\u00a0Minuten\" \/>\n<script type=\"application\/ld+json\" class=\"yoast-schema-graph\">{\"@context\":\"https:\/\/schema.org\",\"@graph\":[{\"@type\":\"WebSite\",\"@id\":\"https:\/\/www.audioprots.it\/#website\",\"url\":\"https:\/\/www.audioprots.it\/\",\"name\":\"Audiopro\",\"description\":\"Centro acustico Trieste\",\"potentialAction\":[{\"@type\":\"SearchAction\",\"target\":{\"@type\":\"EntryPoint\",\"urlTemplate\":\"https:\/\/www.audioprots.it\/?s={search_term_string}\"},\"query-input\":\"required name=search_term_string\"}],\"inLanguage\":\"de\"},{\"@type\":\"ImageObject\",\"@id\":\"https:\/\/www.audioprots.it\/de\/verkauf-von-hoergeraeten-alta-badia\/#primaryimage\",\"inLanguage\":\"de\",\"url\":\"https:\/\/www.audioprots.it\/wp-content\/uploads\/2024\/09\/FOTO-2-min-400x250-1.jpg\",\"contentUrl\":\"https:\/\/www.audioprots.it\/wp-content\/uploads\/2024\/09\/FOTO-2-min-400x250-1.jpg\",\"width\":349,\"height\":239},{\"@type\":\"WebPage\",\"@id\":\"https:\/\/www.audioprots.it\/de\/verkauf-von-hoergeraeten-alta-badia\/#webpage\",\"url\":\"https:\/\/www.audioprots.it\/de\/verkauf-von-hoergeraeten-alta-badia\/\",\"name\":\"Verkauf von H\u00f6rger\u00e4ten Alta Badia - Audiopro\",\"isPartOf\":{\"@id\":\"https:\/\/www.audioprots.it\/#website\"},\"primaryImageOfPage\":{\"@id\":\"https:\/\/www.audioprots.it\/de\/verkauf-von-hoergeraeten-alta-badia\/#primaryimage\"},\"datePublished\":\"2025-01-20T11:34:57+00:00\",\"dateModified\":\"2025-01-20T11:40:18+00:00\",\"description\":\"Wir verkaufen H\u00f6rger\u00e4te in Alta Badia. Kontaktieren Sie uns f\u00fcr weitere Informationen, wir stehen Ihnen gerne zur Verf\u00fcgung.\",\"breadcrumb\":{\"@id\":\"https:\/\/www.audioprots.it\/de\/verkauf-von-hoergeraeten-alta-badia\/#breadcrumb\"},\"inLanguage\":\"de\",\"potentialAction\":[{\"@type\":\"ReadAction\",\"target\":[\"https:\/\/www.audioprots.it\/de\/verkauf-von-hoergeraeten-alta-badia\/\"]}]},{\"@type\":\"BreadcrumbList\",\"@id\":\"https:\/\/www.audioprots.it\/de\/verkauf-von-hoergeraeten-alta-badia\/#breadcrumb\",\"itemListElement\":[{\"@type\":\"ListItem\",\"position\":1,\"name\":\"Home\",\"item\":\"https:\/\/www.audioprots.it\/de\/\"},{\"@type\":\"ListItem\",\"position\":2,\"name\":\"Verkauf von H\u00f6rger\u00e4ten Alta Badia\"}]}]}<\/script>\n<!-- \/ Yoast SEO plugin. -->","yoast_head_json":{"title":"Verkauf von H\u00f6rger\u00e4ten Alta Badia - Audiopro","description":"Wir verkaufen H\u00f6rger\u00e4te in Alta Badia. Kontaktieren Sie uns f\u00fcr weitere Informationen, wir stehen Ihnen gerne zur Verf\u00fcgung.","robots":{"index":"index","follow":"follow","max-snippet":"max-snippet:-1","max-image-preview":"max-image-preview:large","max-video-preview":"max-video-preview:-1"},"canonical":"https:\/\/www.audioprots.it\/de\/verkauf-von-hoergeraeten-alta-badia\/","og_locale":"de_DE","og_type":"article","og_title":"Verkauf von H\u00f6rger\u00e4ten Alta Badia - Audiopro","og_description":"Wir verkaufen H\u00f6rger\u00e4te in Alta Badia. Kontaktieren Sie uns f\u00fcr weitere Informationen, wir stehen Ihnen gerne zur Verf\u00fcgung.","og_url":"https:\/\/www.audioprots.it\/de\/verkauf-von-hoergeraeten-alta-badia\/","og_site_name":"Audiopro","article_modified_time":"2025-01-20T11:40:18+00:00","og_image":[{"url":"https:\/\/www.audioprots.it\/wp-content\/uploads\/2024\/09\/FOTO-2-min-400x250-1-300x205.jpg"}],"twitter_card":"summary_large_image","twitter_misc":{"Gesch\u00e4tzte Lesezeit":"2\u00a0Minuten"},"schema":{"@context":"https:\/\/schema.org","@graph":[{"@type":"WebSite","@id":"https:\/\/www.audioprots.it\/#website","url":"https:\/\/www.audioprots.it\/","name":"Audiopro","description":"Centro acustico Trieste","potentialAction":[{"@type":"SearchAction","target":{"@type":"EntryPoint","urlTemplate":"https:\/\/www.audioprots.it\/?s={search_term_string}"},"query-input":"required name=search_term_string"}],"inLanguage":"de"},{"@type":"ImageObject","@id":"https:\/\/www.audioprots.it\/de\/verkauf-von-hoergeraeten-alta-badia\/#primaryimage","inLanguage":"de","url":"https:\/\/www.audioprots.it\/wp-content\/uploads\/2024\/09\/FOTO-2-min-400x250-1.jpg","contentUrl":"https:\/\/www.audioprots.it\/wp-content\/uploads\/2024\/09\/FOTO-2-min-400x250-1.jpg","width":349,"height":239},{"@type":"WebPage","@id":"https:\/\/www.audioprots.it\/de\/verkauf-von-hoergeraeten-alta-badia\/#webpage","url":"https:\/\/www.audioprots.it\/de\/verkauf-von-hoergeraeten-alta-badia\/","name":"Verkauf von H\u00f6rger\u00e4ten Alta Badia - Audiopro","isPartOf":{"@id":"https:\/\/www.audioprots.it\/#website"},"primaryImageOfPage":{"@id":"https:\/\/www.audioprots.it\/de\/verkauf-von-hoergeraeten-alta-badia\/#primaryimage"},"datePublished":"2025-01-20T11:34:57+00:00","dateModified":"2025-01-20T11:40:18+00:00","description":"Wir verkaufen H\u00f6rger\u00e4te in Alta Badia. Kontaktieren Sie uns f\u00fcr weitere Informationen, wir stehen Ihnen gerne zur Verf\u00fcgung.","breadcrumb":{"@id":"https:\/\/www.audioprots.it\/de\/verkauf-von-hoergeraeten-alta-badia\/#breadcrumb"},"inLanguage":"de","potentialAction":[{"@type":"ReadAction","target":["https:\/\/www.audioprots.it\/de\/verkauf-von-hoergeraeten-alta-badia\/"]}]},{"@type":"BreadcrumbList","@id":"https:\/\/www.audioprots.it\/de\/verkauf-von-hoergeraeten-alta-badia\/#breadcrumb","itemListElement":[{"@type":"ListItem","position":1,"name":"Home","item":"https:\/\/www.audioprots.it\/de\/"},{"@type":"ListItem","position":2,"name":"Verkauf von H\u00f6rger\u00e4ten Alta Badia"}]}]}},"_links":{"self":[{"href":"https:\/\/www.audioprots.it\/de\/wp-json\/wp\/v2\/pages\/586"}],"collection":[{"href":"https:\/\/www.audioprots.it\/de\/wp-json\/wp\/v2\/pages"}],"about":[{"href":"https:\/\/www.audioprots.it\/de\/wp-json\/wp\/v2\/types\/page"}],"author":[{"embeddable":true,"href":"https:\/\/www.audioprots.it\/de\/wp-json\/wp\/v2\/users\/1"}],"replies":[{"embeddable":true,"href":"https:\/\/www.audioprots.it\/de\/wp-json\/wp\/v2\/comments?post=586"}],"version-history":[{"count":3,"href":"https:\/\/www.audioprots.it\/de\/wp-json\/wp\/v2\/pages\/586\/revisions"}],"predecessor-version":[{"id":595,"href":"https:\/\/www.audioprots.it\/de\/wp-json\/wp\/v2\/pages\/586\/revisions\/595"}],"wp:attachment":[{"href":"https:\/\/www.audioprots.it\/de\/wp-json\/wp\/v2\/media?parent=586"}],"curies":[{"name":"wp","href":"https:\/\/api.w.org\/{rel}","templated":true}]}}