{"id":466,"date":"2017-02-17T09:25:09","date_gmt":"2017-02-17T08:25:09","guid":{"rendered":"https:\/\/www.audioprots.it\/web-policy-privacy\/"},"modified":"2025-01-08T14:28:09","modified_gmt":"2025-01-08T13:28:09","slug":"web-policy-privacy","status":"publish","type":"page","link":"https:\/\/www.audioprots.it\/de\/web-policy-privacy\/","title":{"rendered":"Web Policy Privacy"},"content":{"rendered":"<h2>Cookie-Richtlinie<\/h2>\n<p><strong>Cookie-Richtlinie<\/strong><\/p>\n<p>Diese Informationen gem\u00e4\u00df Art. 13 der DSGVO \u2013 EU-Verordnung 2016\/679 und Art. Art. 122 Gesetzesdekret 196\/2003 (im Folgenden \u201e<strong>Datenschutzkodex<\/strong>\u201c) beschreibt die Verwaltungsmethoden dieser Website von <strong>_AUDIOPRO BY ROMANO SRL_<\/strong> in Bezug auf die Verarbeitung personenbezogener Daten der Nutzer, die es konsultieren, auch gem\u00e4\u00df den Bestimmungen der Bestimmung des Datenschutzgaranten vom 10.6.2021 \u201eCookie-Richtlinien und andere Tracking-Tools\u201c (im Folgenden \u201e<strong>Bereitstellung<\/strong>)<\/p>\n<p>Die Informationen werden nur f\u00fcr die oben genannte Website bereitgestellt und nicht f\u00fcr andere Websites oder Abschnitte\/Seiten\/Bereiche Dritter, die der Benutzer \u00fcber bestimmte darin enthaltene Links aufrufen kann.<\/p>\n<p><strong>1. COOKIES UND IHRE KLASSIFIZIERUNG<\/strong><\/p>\n<p><strong>1.1. Cookies<\/strong><\/p>\n<p><strong><em>Was sind Cookies?<\/em><\/strong><\/p>\n<p>Cookies sind kleine Textdateien, die von der vom Nutzer besuchten Website an das Ger\u00e4t des Nutzers (in der Regel an den Browser) gesendet und dort gespeichert werden, damit das Ger\u00e4t beim n\u00e4chsten Besuch wiedererkannt werden kann. Tats\u00e4chlich werden bei jedem weiteren Besuch Cookies vom Ger\u00e4t des Benutzers an die Website zur\u00fcckgesendet.<\/p>\n<p>Jedes Cookie enth\u00e4lt im Allgemeinen: den Namen des Servers, von dem das Cookie gesendet wurde; das Ablaufdatum und einen Wert, normalerweise eine eindeutige Zahl, die vom Computer zuf\u00e4llig generiert wird. Der Website-Server, der das Cookie \u00fcbertr\u00e4gt, verwendet diese Nummer, um Sie wiederzuerkennen, wenn Sie eine Website erneut besuchen oder von einer Seite zur anderen navigieren.<\/p>\n<p>Cookies k\u00f6nnen nicht nur vom selben Betreiber der vom Benutzer besuchten Website installiert werden (<strong>Erstanbieter-Cookies<\/strong>), sondern auch von einer anderen Website, die Cookies \u00fcber die erste Website installiert (<strong>Cookies von Drittanbietern). <\/strong>) und ist in der Lage, sie zu erkennen. Dies liegt daran, dass die besuchte Website m\u00f6glicherweise Elemente (Bilder, Karten, Sounds, Links zu Webseiten anderer Domains usw.) enth\u00e4lt, die sich auf anderen Servern als dem der besuchten Website befinden.<br \/>\nBasierend auf ihrem Zweck werden Cookies in <strong>technische Cookies<\/strong> und <strong>Statistik-\/Profiling-Cookies<\/strong> unterteilt.<\/p>\n<p>Technische Cookies werden ausschlie\u00dflich zu dem Zweck verwendet, \u201edie \u00dcbertragung einer Kommunikation \u00fcber ein elektronisches Kommunikationsnetz durchzuf\u00fchren, oder soweit dies f\u00fcr den Anbieter eines vom Abonnenten oder Benutzer ausdr\u00fccklich angeforderten Dienstes der Informationsgesellschaft unbedingt erforderlich ist\u201c. Bereitstellung dieser Dienstleistung\u201c (<em>siehe<\/em>. Art. 122, Abs. 1, des Datenschutzgesetzes). Insbesondere werden diese Cookies normalerweise verwendet, um eine effiziente Navigation zwischen Seiten zu erm\u00f6glichen, Benutzerpr\u00e4ferenzen (Sprache, Land usw.) zu speichern, eine Computerauthentifizierung durchzuf\u00fchren, den Warenkorb zu verwalten oder Online-Eink\u00e4ufe zu erm\u00f6glichen usw. Einige dieser Cookies (sogenannte essentielle oder <em>unbedingt erforderlich<\/em>) erm\u00f6glichen Funktionen, ohne die die Ausf\u00fchrung einiger Vorg\u00e4nge nicht m\u00f6glich w\u00e4re. Gem\u00e4\u00df der oben genannten Kunst. 122, co. 1 des Datenschutzgesetzes erfordert die Verwendung technischer Cookies keine Einwilligung des Nutzers.<\/p>\n<p>Technische Cookies werden den sogenannten Cookies gleichgestellt. Analysen, wenn sie direkt vom Site-Manager verwendet werden, um aggregierte Informationen \u00fcber die Anzahl der Benutzer und die Art und Weise, wie sie die Site selbst besuchen, zu sammeln. Diese Cookies erm\u00f6glichen es den Eigent\u00fcmern und\/oder Betreibern von Websites, zu verstehen, wie Benutzer mit den Inhalten der Website interagieren, um diese zu optimieren.<\/p>\n<p><strong>Profiling-Cookies<\/strong> werden jedoch verwendet, um die Navigation des Benutzers zu verfolgen, sein Verhalten f\u00fcr Marketingzwecke zu analysieren und Profile \u00fcber seine Vorlieben, Gewohnheiten, Entscheidungen usw. zu erstellen, um gezielte Werbebotschaften in Bezug auf diese zu \u00fcbermitteln den Interessen des Benutzers und im Einklang mit den Pr\u00e4ferenzen, die der Benutzer beim Surfen im Internet ge\u00e4u\u00dfert hat. Diese Cookies k\u00f6nnen nur dann auf dem Endger\u00e4t des Benutzers installiert werden, wenn der Benutzer seine Zustimmung mit den in der Bestimmung angegebenen vereinfachten Methoden ausgedr\u00fcckt hat.<\/p>\n<p>Basierend auf ihrer Dauer werden Cookies in <strong>persistente<\/strong> Cookies unterschieden, die bis zu ihrem Ablauf auf dem Ger\u00e4t des Benutzers gespeichert bleiben, sofern sie nicht von diesem gel\u00f6scht werden, und in <strong>Sitzungscookies<\/strong>, die nicht gespeichert werden dauerhaft auf dem Ger\u00e4t des Nutzers gespeichert und verschwinden, wenn der Browser geschlossen wird.<\/p>\n<p><strong><em>Welche Cookies werden von dieser Website verwendet?<\/em><\/strong><\/p>\n<h4>Google<\/h4>\n<p>Google<\/p>\n","protected":false},"excerpt":{"rendered":"<p>Cookie-Richtlinie Cookie-Richtlinie Diese Informationen gem\u00e4\u00df Art. 13 der DSGVO \u2013 EU-Verordnung 2016\/679 und Art. Art. 122 Gesetzesdekret 196\/2003 (im Folgenden \u201eDatenschutzkodex\u201c) beschreibt die Verwaltungsmethoden dieser Website von _AUDIOPRO BY ROMANO SRL_ in Bezug auf die Verarbeitung personenbezogener Daten der Nutzer, die es konsultieren, auch gem\u00e4\u00df den Bestimmungen der Bestimmung des Datenschutzgaranten vom 10.6.2021 \u201eCookie-Richtlinien und [&hellip;]<\/p>\n","protected":false},"author":1,"featured_media":0,"parent":0,"menu_order":0,"comment_status":"closed","ping_status":"closed","template":"","meta":{"_et_pb_use_builder":"","_et_pb_old_content":"","_et_gb_content_width":"","ngg_post_thumbnail":0},"yoast_head":"<!-- This site is optimized with the Yoast SEO plugin v18.2 - https:\/\/yoast.com\/wordpress\/plugins\/seo\/ -->\n<title>Web Policy Privacy - Audiopro<\/title>\n<meta name=\"robots\" content=\"index, follow, max-snippet:-1, max-image-preview:large, max-video-preview:-1\" \/>\n<link rel=\"canonical\" href=\"https:\/\/www.audioprots.it\/de\/web-policy-privacy\/\" \/>\n<meta property=\"og:locale\" content=\"de_DE\" \/>\n<meta property=\"og:type\" content=\"article\" \/>\n<meta property=\"og:title\" content=\"Web Policy Privacy - Audiopro\" \/>\n<meta property=\"og:description\" content=\"Cookie-Richtlinie Cookie-Richtlinie Diese Informationen gem\u00e4\u00df Art. 13 der DSGVO \u2013 EU-Verordnung 2016\/679 und Art. Art. 122 Gesetzesdekret 196\/2003 (im Folgenden \u201eDatenschutzkodex\u201c) beschreibt die Verwaltungsmethoden dieser Website von _AUDIOPRO BY ROMANO SRL_ in Bezug auf die Verarbeitung personenbezogener Daten der Nutzer, die es konsultieren, auch gem\u00e4\u00df den Bestimmungen der Bestimmung des Datenschutzgaranten vom 10.6.2021 \u201eCookie-Richtlinien und [&hellip;]\" \/>\n<meta property=\"og:url\" content=\"https:\/\/www.audioprots.it\/de\/web-policy-privacy\/\" \/>\n<meta property=\"og:site_name\" content=\"Audiopro\" \/>\n<meta property=\"article:modified_time\" content=\"2025-01-08T13:28:09+00:00\" \/>\n<meta name=\"twitter:card\" content=\"summary_large_image\" \/>\n<meta name=\"twitter:label1\" content=\"Gesch\u00e4tzte Lesezeit\" \/>\n\t<meta name=\"twitter:data1\" content=\"4\u00a0Minuten\" \/>\n<script type=\"application\/ld+json\" class=\"yoast-schema-graph\">{\"@context\":\"https:\/\/schema.org\",\"@graph\":[{\"@type\":\"WebSite\",\"@id\":\"https:\/\/www.audioprots.it\/#website\",\"url\":\"https:\/\/www.audioprots.it\/\",\"name\":\"Audiopro\",\"description\":\"Centro acustico Trieste\",\"potentialAction\":[{\"@type\":\"SearchAction\",\"target\":{\"@type\":\"EntryPoint\",\"urlTemplate\":\"https:\/\/www.audioprots.it\/?s={search_term_string}\"},\"query-input\":\"required name=search_term_string\"}],\"inLanguage\":\"de\"},{\"@type\":\"WebPage\",\"@id\":\"https:\/\/www.audioprots.it\/de\/web-policy-privacy\/#webpage\",\"url\":\"https:\/\/www.audioprots.it\/de\/web-policy-privacy\/\",\"name\":\"Web Policy Privacy - Audiopro\",\"isPartOf\":{\"@id\":\"https:\/\/www.audioprots.it\/#website\"},\"datePublished\":\"2017-02-17T08:25:09+00:00\",\"dateModified\":\"2025-01-08T13:28:09+00:00\",\"breadcrumb\":{\"@id\":\"https:\/\/www.audioprots.it\/de\/web-policy-privacy\/#breadcrumb\"},\"inLanguage\":\"de\",\"potentialAction\":[{\"@type\":\"ReadAction\",\"target\":[\"https:\/\/www.audioprots.it\/de\/web-policy-privacy\/\"]}]},{\"@type\":\"BreadcrumbList\",\"@id\":\"https:\/\/www.audioprots.it\/de\/web-policy-privacy\/#breadcrumb\",\"itemListElement\":[{\"@type\":\"ListItem\",\"position\":1,\"name\":\"Home\",\"item\":\"https:\/\/www.audioprots.it\/de\/\"},{\"@type\":\"ListItem\",\"position\":2,\"name\":\"Web Policy Privacy\"}]}]}<\/script>\n<!-- \/ Yoast SEO plugin. -->","yoast_head_json":{"title":"Web Policy Privacy - Audiopro","robots":{"index":"index","follow":"follow","max-snippet":"max-snippet:-1","max-image-preview":"max-image-preview:large","max-video-preview":"max-video-preview:-1"},"canonical":"https:\/\/www.audioprots.it\/de\/web-policy-privacy\/","og_locale":"de_DE","og_type":"article","og_title":"Web Policy Privacy - Audiopro","og_description":"Cookie-Richtlinie Cookie-Richtlinie Diese Informationen gem\u00e4\u00df Art. 13 der DSGVO \u2013 EU-Verordnung 2016\/679 und Art. Art. 122 Gesetzesdekret 196\/2003 (im Folgenden \u201eDatenschutzkodex\u201c) beschreibt die Verwaltungsmethoden dieser Website von _AUDIOPRO BY ROMANO SRL_ in Bezug auf die Verarbeitung personenbezogener Daten der Nutzer, die es konsultieren, auch gem\u00e4\u00df den Bestimmungen der Bestimmung des Datenschutzgaranten vom 10.6.2021 \u201eCookie-Richtlinien und [&hellip;]","og_url":"https:\/\/www.audioprots.it\/de\/web-policy-privacy\/","og_site_name":"Audiopro","article_modified_time":"2025-01-08T13:28:09+00:00","twitter_card":"summary_large_image","twitter_misc":{"Gesch\u00e4tzte Lesezeit":"4\u00a0Minuten"},"schema":{"@context":"https:\/\/schema.org","@graph":[{"@type":"WebSite","@id":"https:\/\/www.audioprots.it\/#website","url":"https:\/\/www.audioprots.it\/","name":"Audiopro","description":"Centro acustico Trieste","potentialAction":[{"@type":"SearchAction","target":{"@type":"EntryPoint","urlTemplate":"https:\/\/www.audioprots.it\/?s={search_term_string}"},"query-input":"required name=search_term_string"}],"inLanguage":"de"},{"@type":"WebPage","@id":"https:\/\/www.audioprots.it\/de\/web-policy-privacy\/#webpage","url":"https:\/\/www.audioprots.it\/de\/web-policy-privacy\/","name":"Web Policy Privacy - Audiopro","isPartOf":{"@id":"https:\/\/www.audioprots.it\/#website"},"datePublished":"2017-02-17T08:25:09+00:00","dateModified":"2025-01-08T13:28:09+00:00","breadcrumb":{"@id":"https:\/\/www.audioprots.it\/de\/web-policy-privacy\/#breadcrumb"},"inLanguage":"de","potentialAction":[{"@type":"ReadAction","target":["https:\/\/www.audioprots.it\/de\/web-policy-privacy\/"]}]},{"@type":"BreadcrumbList","@id":"https:\/\/www.audioprots.it\/de\/web-policy-privacy\/#breadcrumb","itemListElement":[{"@type":"ListItem","position":1,"name":"Home","item":"https:\/\/www.audioprots.it\/de\/"},{"@type":"ListItem","position":2,"name":"Web Policy Privacy"}]}]}},"_links":{"self":[{"href":"https:\/\/www.audioprots.it\/de\/wp-json\/wp\/v2\/pages\/466"}],"collection":[{"href":"https:\/\/www.audioprots.it\/de\/wp-json\/wp\/v2\/pages"}],"about":[{"href":"https:\/\/www.audioprots.it\/de\/wp-json\/wp\/v2\/types\/page"}],"author":[{"embeddable":true,"href":"https:\/\/www.audioprots.it\/de\/wp-json\/wp\/v2\/users\/1"}],"replies":[{"embeddable":true,"href":"https:\/\/www.audioprots.it\/de\/wp-json\/wp\/v2\/comments?post=466"}],"version-history":[{"count":3,"href":"https:\/\/www.audioprots.it\/de\/wp-json\/wp\/v2\/pages\/466\/revisions"}],"predecessor-version":[{"id":471,"href":"https:\/\/www.audioprots.it\/de\/wp-json\/wp\/v2\/pages\/466\/revisions\/471"}],"wp:attachment":[{"href":"https:\/\/www.audioprots.it\/de\/wp-json\/wp\/v2\/media?parent=466"}],"curies":[{"name":"wp","href":"https:\/\/api.w.org\/{rel}","templated":true}]}}