{"id":465,"date":"2022-03-03T12:00:16","date_gmt":"2022-03-03T11:00:16","guid":{"rendered":"https:\/\/www.audioprots.it\/sitemap\/"},"modified":"2022-03-03T12:00:16","modified_gmt":"2022-03-03T11:00:16","slug":"sitemap","status":"publish","type":"page","link":"https:\/\/www.audioprots.it\/de\/sitemap\/","title":{"rendered":"Sitemap"},"content":{"rendered":"<p><div class=\"wsp-container\"><h2 class=\"wsp-pages-title\">Pages<\/h2>\n<ul class=\"wsp-pages-list\">\n<li class=\"page_item page-item-430\"><a href=\"https:\/\/www.audioprots.it\/de\/apparecchi-acustici-ad-alta-badia\/\">Apparecchi acustici ad Alta Badia<\/a><\/li>\n<li class=\"page_item page-item-433\"><a href=\"https:\/\/www.audioprots.it\/de\/centro-acustico-a-muggia\/\">Centro acustico a Muggia<\/a><\/li>\n<li class=\"page_item page-item-436\"><a href=\"https:\/\/www.audioprots.it\/de\/centro-acustico-opicina\/\">Centro acustico a Opicina<\/a><\/li>\n<li class=\"page_item page-item-441\"><a href=\"https:\/\/www.audioprots.it\/de\/centro-acustico-alta-badia\/\">Centro acustico ad Alta Badia<\/a><\/li>\n<li class=\"page_item page-item-463\"><a href=\"https:\/\/www.audioprots.it\/de\/dienstleistungen\/\">Dienstleistungen<\/a><\/li>\n<li class=\"page_item page-item-446\"><a href=\"https:\/\/www.audioprots.it\/de\/\">Home<\/a><\/li>\n<li class=\"page_item page-item-596\"><a href=\"https:\/\/www.audioprots.it\/de\/hoergeraete-service-alta-badia\/\">H\u00f6rger\u00e4te Service Alta Badia<\/a><\/li>\n<li class=\"page_item page-item-444\"><a href=\"https:\/\/www.audioprots.it\/de\/kontakte\/\">Kontakte<\/a><\/li>\n<li class=\"page_item page-item-454\"><a href=\"https:\/\/www.audioprots.it\/de\/nachricht\/\">Nachricht<\/a><\/li>\n<li class=\"page_item page-item-600\"><a href=\"https:\/\/www.audioprots.it\/de\/phonak-hoergeraete-alta-badia\/\">Phonak H\u00f6rger\u00e4te Alta Badia<\/a><\/li>\n<li class=\"page_item page-item-457\"><a href=\"https:\/\/www.audioprots.it\/de\/privacy\/\">Privacy<\/a><\/li>\n<li class=\"page_item page-item-465\"><a href=\"https:\/\/www.audioprots.it\/de\/sitemap\/\">Sitemap<\/a><\/li>\n<li class=\"page_item page-item-451\"><a href=\"https:\/\/www.audioprots.it\/de\/unsere-geschichte\/\">Unsere geschichte<\/a><\/li>\n<li class=\"page_item page-item-586\"><a href=\"https:\/\/www.audioprots.it\/de\/verkauf-von-hoergeraeten-alta-badia\/\">Verkauf von H\u00f6rger\u00e4ten Alta Badia<\/a><\/li>\n<li class=\"page_item page-item-466\"><a href=\"https:\/\/www.audioprots.it\/de\/web-policy-privacy\/\">Web Policy Privacy<\/a><\/li>\n<\/ul>\n<\/div><br \/>\n<div class=\"wsp-container\"><h2 class=\"wsp-posts-title\">Posts by category<\/h2>\n<ul class=\"wsp-posts-list\">\n\t<li><strong class=\"wsp-category-title\">Category: <a href=\"https:\/\/www.audioprots.it\/de\/category\/dienstleistungen\/\">Dienstleistungen<\/a><\/strong>\n<ul class=\"wsp-posts-list\">\t\t<li class=\"wsp-post\"><a href=\"https:\/\/www.audioprots.it\/de\/asugi-und-inail-uebereinkommen\/\">Asugi- Und Inail &#8211; \u00dcbereinkommen<\/a><\/li>\n\t\t<li class=\"wsp-post\"><a href=\"https:\/\/www.audioprots.it\/de\/bescheinigung-fuer-die-erneuerung-des-fuehrerscheins\/\">Bescheinigung f\u00fcr die erneuerung des f\u00fchrerscheins<\/a><\/li>\n\t\t<li class=\"wsp-post\"><a href=\"https:\/\/www.audioprots.it\/de\/otoprotettori-a-trieste\/\">CUSTOMISED Ohrst\u00f6psel f\u00fcr jeden Bedarf<\/a><\/li>\n\t\t<li class=\"wsp-post\"><a href=\"https:\/\/www.audioprots.it\/de\/ueberholung-und-wartung\/\">\u00dcberholung und Wartung<\/a><\/li>\n\t\t<li class=\"wsp-post\"><a href=\"https:\/\/www.audioprots.it\/de\/hoerfunktion-pruefen\/\">H\u00f6rfunktion pr\u00fcfen<\/a><\/li>\n\t\t<li class=\"wsp-post\"><a href=\"https:\/\/www.audioprots.it\/de\/hoertests\/\">H\u00f6rtests<\/a><\/li>\n\t\t<li class=\"wsp-post\"><a href=\"https:\/\/www.audioprots.it\/de\/video-otoskopie-zur-ueberpruefung-des-ohrenschmalzes\/\">Video-Otoskopie zur \u00dcberpr\u00fcfung des Ohrenschmalzes<\/a><\/li>\n\t\t<li class=\"wsp-post\"><a href=\"https:\/\/www.audioprots.it\/de\/beratung\/\">Beratung<\/a><\/li>\n\t\t<li class=\"wsp-post\"><a href=\"https:\/\/www.audioprots.it\/de\/anwendung-und-support-fuer-mehrere-marken\/\">Anwendung und Support f\u00fcr mehrere Marken<\/a><\/li>\n\t\t<li class=\"wsp-post\"><a href=\"https:\/\/www.audioprots.it\/de\/hoerrehabilitation-und-auditorische-stimulation\/\">H\u00f6rrehabilitation und auditorische Stimulation<\/a><\/li>\n\t\t<li class=\"wsp-post\"><a href=\"https:\/\/www.audioprots.it\/de\/massgeschneiderte-hoergeraete\/\">Ma\u00dfgeschneiderte H\u00f6rger\u00e4te<\/a><\/li>\n\t\t<li class=\"wsp-post\"><a href=\"https:\/\/www.audioprots.it\/de\/hoergeraete-zubehoer\/\">H\u00f6rger\u00e4te-Zubeh\u00f6r<\/a><\/li>\n<\/ul><\/li>\n\t<li><strong class=\"wsp-category-title\">Category: <a href=\"https:\/\/www.audioprots.it\/de\/category\/nachricht\/\">Nachricht<\/a><\/strong>\n<ul class=\"wsp-posts-list\">\t\t<li class=\"wsp-post\"><a href=\"https:\/\/www.audioprots.it\/de\/neue-eroeffnung\/\">NEUE ER\u00d6FFNUNG Opicina-B\u00fcro in der Via Nazionale n.47<\/a><\/li>\n<\/ul><\/li>\n<\/ul>\n<\/div><\/p>\n","protected":false},"excerpt":{"rendered":"","protected":false},"author":1,"featured_media":0,"parent":0,"menu_order":0,"comment_status":"closed","ping_status":"closed","template":"","meta":{"_et_pb_use_builder":"","_et_pb_old_content":"","_et_gb_content_width":"","ngg_post_thumbnail":0},"yoast_head":"<!-- This site is optimized with the Yoast SEO plugin v18.2 - https:\/\/yoast.com\/wordpress\/plugins\/seo\/ -->\n<title>Sitemap - Audiopro<\/title>\n<meta name=\"robots\" content=\"index, follow, max-snippet:-1, max-image-preview:large, max-video-preview:-1\" \/>\n<link rel=\"canonical\" href=\"https:\/\/www.audioprots.it\/de\/sitemap\/\" \/>\n<meta property=\"og:locale\" content=\"de_DE\" \/>\n<meta property=\"og:type\" content=\"article\" \/>\n<meta property=\"og:title\" content=\"Sitemap - Audiopro\" \/>\n<meta property=\"og:url\" content=\"https:\/\/www.audioprots.it\/de\/sitemap\/\" \/>\n<meta property=\"og:site_name\" content=\"Audiopro\" \/>\n<meta name=\"twitter:card\" content=\"summary_large_image\" \/>\n<script type=\"application\/ld+json\" class=\"yoast-schema-graph\">{\"@context\":\"https:\/\/schema.org\",\"@graph\":[{\"@type\":\"WebSite\",\"@id\":\"https:\/\/www.audioprots.it\/#website\",\"url\":\"https:\/\/www.audioprots.it\/\",\"name\":\"Audiopro\",\"description\":\"Centro acustico Trieste\",\"potentialAction\":[{\"@type\":\"SearchAction\",\"target\":{\"@type\":\"EntryPoint\",\"urlTemplate\":\"https:\/\/www.audioprots.it\/?s={search_term_string}\"},\"query-input\":\"required name=search_term_string\"}],\"inLanguage\":\"de\"},{\"@type\":\"WebPage\",\"@id\":\"https:\/\/www.audioprots.it\/de\/sitemap\/#webpage\",\"url\":\"https:\/\/www.audioprots.it\/de\/sitemap\/\",\"name\":\"Sitemap - Audiopro\",\"isPartOf\":{\"@id\":\"https:\/\/www.audioprots.it\/#website\"},\"datePublished\":\"2022-03-03T11:00:16+00:00\",\"dateModified\":\"2022-03-03T11:00:16+00:00\",\"breadcrumb\":{\"@id\":\"https:\/\/www.audioprots.it\/de\/sitemap\/#breadcrumb\"},\"inLanguage\":\"de\",\"potentialAction\":[{\"@type\":\"ReadAction\",\"target\":[\"https:\/\/www.audioprots.it\/de\/sitemap\/\"]}]},{\"@type\":\"BreadcrumbList\",\"@id\":\"https:\/\/www.audioprots.it\/de\/sitemap\/#breadcrumb\",\"itemListElement\":[{\"@type\":\"ListItem\",\"position\":1,\"name\":\"Home\",\"item\":\"https:\/\/www.audioprots.it\/de\/\"},{\"@type\":\"ListItem\",\"position\":2,\"name\":\"Sitemap\"}]}]}<\/script>\n<!-- \/ Yoast SEO plugin. -->","yoast_head_json":{"title":"Sitemap - Audiopro","robots":{"index":"index","follow":"follow","max-snippet":"max-snippet:-1","max-image-preview":"max-image-preview:large","max-video-preview":"max-video-preview:-1"},"canonical":"https:\/\/www.audioprots.it\/de\/sitemap\/","og_locale":"de_DE","og_type":"article","og_title":"Sitemap - Audiopro","og_url":"https:\/\/www.audioprots.it\/de\/sitemap\/","og_site_name":"Audiopro","twitter_card":"summary_large_image","schema":{"@context":"https:\/\/schema.org","@graph":[{"@type":"WebSite","@id":"https:\/\/www.audioprots.it\/#website","url":"https:\/\/www.audioprots.it\/","name":"Audiopro","description":"Centro acustico Trieste","potentialAction":[{"@type":"SearchAction","target":{"@type":"EntryPoint","urlTemplate":"https:\/\/www.audioprots.it\/?s={search_term_string}"},"query-input":"required name=search_term_string"}],"inLanguage":"de"},{"@type":"WebPage","@id":"https:\/\/www.audioprots.it\/de\/sitemap\/#webpage","url":"https:\/\/www.audioprots.it\/de\/sitemap\/","name":"Sitemap - Audiopro","isPartOf":{"@id":"https:\/\/www.audioprots.it\/#website"},"datePublished":"2022-03-03T11:00:16+00:00","dateModified":"2022-03-03T11:00:16+00:00","breadcrumb":{"@id":"https:\/\/www.audioprots.it\/de\/sitemap\/#breadcrumb"},"inLanguage":"de","potentialAction":[{"@type":"ReadAction","target":["https:\/\/www.audioprots.it\/de\/sitemap\/"]}]},{"@type":"BreadcrumbList","@id":"https:\/\/www.audioprots.it\/de\/sitemap\/#breadcrumb","itemListElement":[{"@type":"ListItem","position":1,"name":"Home","item":"https:\/\/www.audioprots.it\/de\/"},{"@type":"ListItem","position":2,"name":"Sitemap"}]}]}},"_links":{"self":[{"href":"https:\/\/www.audioprots.it\/de\/wp-json\/wp\/v2\/pages\/465"}],"collection":[{"href":"https:\/\/www.audioprots.it\/de\/wp-json\/wp\/v2\/pages"}],"about":[{"href":"https:\/\/www.audioprots.it\/de\/wp-json\/wp\/v2\/types\/page"}],"author":[{"embeddable":true,"href":"https:\/\/www.audioprots.it\/de\/wp-json\/wp\/v2\/users\/1"}],"replies":[{"embeddable":true,"href":"https:\/\/www.audioprots.it\/de\/wp-json\/wp\/v2\/comments?post=465"}],"version-history":[{"count":0,"href":"https:\/\/www.audioprots.it\/de\/wp-json\/wp\/v2\/pages\/465\/revisions"}],"wp:attachment":[{"href":"https:\/\/www.audioprots.it\/de\/wp-json\/wp\/v2\/media?parent=465"}],"curies":[{"name":"wp","href":"https:\/\/api.w.org\/{rel}","templated":true}]}}