{"id":451,"date":"2024-09-04T15:13:25","date_gmt":"2024-09-04T13:13:25","guid":{"rendered":"https:\/\/www.audioprots.it\/la-nostra-storia\/"},"modified":"2025-01-08T16:55:30","modified_gmt":"2025-01-08T15:55:30","slug":"unsere-geschichte","status":"publish","type":"page","link":"https:\/\/www.audioprots.it\/de\/unsere-geschichte\/","title":{"rendered":"Unsere geschichte"},"content":{"rendered":"<p>[et_pb_section fb_built=&#8220;1&#8243; _builder_version=&#8220;4.14.8&#8243; _module_preset=&#8220;default&#8220; background_color=&#8220;#474747&#8243; background_image=&#8220;https:\/\/www.audioprots.it\/wp-content\/uploads\/2024\/09\/SLIDER-2.jpg&#8220; background_blend=&#8220;multiply&#8220; global_colors_info=&#8220;{}&#8220;][et_pb_row _builder_version=&#8220;4.14.8&#8243; _module_preset=&#8220;default&#8220; width=&#8220;90%&#8220; max_width=&#8220;1440px&#8220; global_colors_info=&#8220;{}&#8220;][et_pb_column type=&#8220;4_4&#8243; _builder_version=&#8220;4.14.8&#8243; _module_preset=&#8220;default&#8220; global_colors_info=&#8220;{}&#8220;][et_pb_text _builder_version=&#8220;4.14.8&#8243; _dynamic_attributes=&#8220;content&#8220; _module_preset=&#8220;default&#8220; header_font=&#8220;|600|||||||&#8220; header_text_color=&#8220;#FFFFFF&#8220; header_font_size=&#8220;54px&#8220; global_colors_info=&#8220;{}&#8220;]@ET-DC@eyJkeW5hbWljIjp0cnVlLCJjb250ZW50IjoicG9zdF90aXRsZSIsInNldHRpbmdzIjp7ImJlZm9yZSI6IjxoMT4iLCJhZnRlciI6IjwvaDE+In19@[\/et_pb_text][\/et_pb_column][\/et_pb_row][\/et_pb_section][et_pb_section fb_built=&#8220;1&#8243; _builder_version=&#8220;4.14.8&#8243; _module_preset=&#8220;default&#8220; custom_padding=&#8220;33px|||||&#8220; global_colors_info=&#8220;{}&#8220;][et_pb_row column_structure=&#8220;1_2,1_2&#8243; use_custom_gutter=&#8220;on&#8220; gutter_width=&#8220;2&#8243; _builder_version=&#8220;4.14.8&#8243; _module_preset=&#8220;default&#8220; max_width=&#8220;1440px&#8220; custom_padding=&#8220;||0px||false|false&#8220; locked=&#8220;off&#8220; global_colors_info=&#8220;{}&#8220;][et_pb_column type=&#8220;1_2&#8243; _builder_version=&#8220;4.14.8&#8243; _module_preset=&#8220;default&#8220; global_colors_info=&#8220;{}&#8220;][et_pb_image title_text=&#8220;FOTO 2-min&#8220; _builder_version=&#8220;4.14.8&#8243; _module_preset=&#8220;default&#8220; background_image=&#8220;https:\/\/www.audioprots.it\/wp-content\/uploads\/2024\/09\/FOTO-2-min-scaled.jpg&#8220; custom_padding=&#8220;148px||148px||true|false&#8220; global_colors_info=&#8220;{}&#8220;][\/et_pb_image][\/et_pb_column][et_pb_column type=&#8220;1_2&#8243; _builder_version=&#8220;4.14.8&#8243; _module_preset=&#8220;default&#8220; global_colors_info=&#8220;{}&#8220;][et_pb_text _builder_version=&#8220;4.14.8&#8243; _module_preset=&#8220;default&#8220; header_font=&#8220;|300|||||||&#8220; header_font_size=&#8220;37px&#8220; header_letter_spacing=&#8220;2px&#8220; custom_margin=&#8220;3px|||||&#8220; global_colors_info=&#8220;{}&#8220;]<\/p>\n<h1>DIE GESCHICHTE<\/h1>\n<p>[\/et_pb_text][et_pb_text _builder_version=&#8220;4.14.8&#8243; _module_preset=&#8220;default&#8220; text_text_color=&#8220;#000000&#8243; text_font_size=&#8220;16px&#8220; text_line_height=&#8220;1.8em&#8220; global_colors_info=&#8220;{}&#8220;]<\/p>\n<p>Seit 1988, mit 40 Jahren Erfahrung in der Branche, ist es unsere wahre Befriedigung, daf\u00fcr zu sorgen, dass sich jeder gut f\u00fchlt.<\/p>\n<p>Damals begannen unsere H\u00f6rger\u00e4tetechniker ihre Karriere in f\u00fchrenden Unternehmen der Branche.<\/p>\n<p>Im Jahr 2008 beschloss der Firmeninhaber Romano Foggia, Audiopro in seine Heimatstadt zu bringen und er\u00f6ffnete das H\u00f6rzentrum in der Via Massimo D&#8217;Azeglio in Triest. 2018 beschloss er, die R\u00e4umlichkeiten zu erweitern und zog in die Via Gabriele Foschiatti 4D, ebenfalls in Triest.<\/p>\n<p>[\/et_pb_text][\/et_pb_column][\/et_pb_row][et_pb_row use_custom_gutter=&#8220;on&#8220; gutter_width=&#8220;2&#8243; _builder_version=&#8220;4.14.8&#8243; _module_preset=&#8220;default&#8220; width=&#8220;90%&#8220; max_width=&#8220;1440px&#8220; min_height=&#8220;275.8px&#8220; locked=&#8220;off&#8220; global_colors_info=&#8220;{}&#8220;][et_pb_column type=&#8220;4_4&#8243; _builder_version=&#8220;4.14.8&#8243; _module_preset=&#8220;default&#8220; global_colors_info=&#8220;{}&#8220;][et_pb_text _builder_version=&#8220;4.14.8&#8243; _module_preset=&#8220;default&#8220; text_text_color=&#8220;#000000&#8243; text_font_size=&#8220;16px&#8220; text_line_height=&#8220;1.8em&#8220; global_colors_info=&#8220;{}&#8220;]<\/p>\n<p>Im Jahr 2010 wurde der Inhaber, ein H\u00f6rger\u00e4teakustiker, von der Autonomen Provinz Bozen aufgefordert, sich in das Provinzverzeichnis aufnehmen zu lassen, was zu einer Adresse in der Str. Col Alt, 38 in Corvara (BZ) f\u00fchrte, wo er nun seit vierzehn Jahren t\u00e4tig ist.<\/p>\n<p>Im Jahr 2024 wurde eine zweite Adresse in der Arztpraxis in der Via Roma 18 in Muggia (Triest) er\u00f6ffnet.<\/p>\n<p>Unser Team besteht aus diplomierten und gut ausgebildeten H\u00f6rger\u00e4teakustikern mit langj\u00e4hriger Erfahrung in der H\u00f6rger\u00e4teversorgung. In der Vergangenheit bestand die Versorgung aus manuellen analogen H\u00f6rger\u00e4ten, bei denen der H\u00f6rger\u00e4tetechniker mit Hilfe von Schraubenziehern in die Einstellungen der Ger\u00e4te eingriff.<\/p>\n<p>In jenen Jahren, als es noch keine Hilfe durch die heutige Spitzentechnologie gab, waren die technischen und einf\u00fchlsamen F\u00e4higkeiten des H\u00f6rger\u00e4teakustikers das einzige Element f\u00fcr erfolgreiche Anwendungen.<\/p>\n<p>Heute sind wir weiterhin bestrebt, Menschen mit H\u00f6rverlust wieder zu einem guten H\u00f6ren zu verhelfen. Dank unserer Erfahrung, der neuen Technologien von heute und unserer F\u00e4higkeiten als H\u00f6rger\u00e4teakustiker liegt unsere gemeinsame Priorit\u00e4t darin, den Patienten in den Mittelpunkt zu stellen, damit er gut h\u00f6ren kann, und f\u00fcr alle seine Bed\u00fcrfnisse da zu sein.<\/p>\n<p>Unser Team besteht aus Fachleuten f\u00fcr jeden Grad von H\u00f6rverlust mit einer klaren Vision, von einem H\u00f6rger\u00e4t bis zu einem Cochlea-Implantat, dank der Erfahrung und der Spezialisierung unseres Teams.<\/p>\n<p>Unser Unternehmen ist st\u00e4ndig auf dem neuesten Stand, um fortschrittliche L\u00f6sungen f\u00fcr das Wohlbefinden Ihres Geh\u00f6rs zu entwickeln.<\/p>\n<p>[\/et_pb_text][\/et_pb_column][\/et_pb_row][et_pb_row use_custom_gutter=&#8220;on&#8220; gutter_width=&#8220;2&#8243; _builder_version=&#8220;4.14.8&#8243; _module_preset=&#8220;default&#8220; width=&#8220;90%&#8220; max_width=&#8220;1440px&#8220; locked=&#8220;off&#8220; global_colors_info=&#8220;{}&#8220;][et_pb_column type=&#8220;4_4&#8243; _builder_version=&#8220;4.14.8&#8243; _module_preset=&#8220;default&#8220; global_colors_info=&#8220;{}&#8220;][et_pb_text _builder_version=&#8220;4.14.8&#8243; _module_preset=&#8220;default&#8220; header_font=&#8220;|300|||||||&#8220; header_font_size=&#8220;37px&#8220; header_letter_spacing=&#8220;2px&#8220; custom_margin=&#8220;2px|||||&#8220; hover_enabled=&#8220;0&#8243; global_colors_info=&#8220;{}&#8220; sticky_enabled=&#8220;0&#8243;]<\/p>\n<h1>UNSER TEAM VON FACHLEUTEN<\/h1>\n<p>[\/et_pb_text][\/et_pb_column][\/et_pb_row][et_pb_row column_structure=&#8220;1_3,1_3,1_3&#8243; use_custom_gutter=&#8220;on&#8220; gutter_width=&#8220;2&#8243; _builder_version=&#8220;4.14.8&#8243; _module_preset=&#8220;default&#8220; width=&#8220;90%&#8220; max_width=&#8220;1440px&#8220; locked=&#8220;off&#8220; global_colors_info=&#8220;{}&#8220;][et_pb_column type=&#8220;1_3&#8243; _builder_version=&#8220;4.14.8&#8243; _module_preset=&#8220;default&#8220; global_colors_info=&#8220;{}&#8220;][et_pb_image title_text=&#8220;Romano&#8220; _builder_version=&#8220;4.14.8&#8243; _module_preset=&#8220;default&#8220; background_image=&#8220;https:\/\/www.audioprots.it\/wp-content\/uploads\/2024\/09\/Romano.png&#8220; custom_padding=&#8220;||368px||false|false&#8220; global_colors_info=&#8220;{}&#8220;][\/et_pb_image][et_pb_text _builder_version=&#8220;4.14.8&#8243; _module_preset=&#8220;default&#8220; text_text_color=&#8220;gcid-98ba2737-9db9-427d-a63b-32673745d88a&#8220; header_2_font=&#8220;|300|||||||&#8220; header_2_font_size=&#8220;27px&#8220; text_orientation=&#8220;center&#8220; hover_enabled=&#8220;0&#8243; global_colors_info=&#8220;{%22gcid-98ba2737-9db9-427d-a63b-32673745d88a%22:%91%22text_text_color%22%93}&#8220; sticky_enabled=&#8220;0&#8243;]<\/p>\n<h2>Romano<\/h2>\n<p>H\u00f6rger\u00e4teakustiker<\/p>\n<p>[\/et_pb_text][\/et_pb_column][et_pb_column type=&#8220;1_3&#8243; _builder_version=&#8220;4.14.8&#8243; _module_preset=&#8220;default&#8220; global_colors_info=&#8220;{}&#8220;][et_pb_image title_text=&#8220;Rossella&#8220; _builder_version=&#8220;4.14.8&#8243; _module_preset=&#8220;default&#8220; background_image=&#8220;https:\/\/www.audioprots.it\/wp-content\/uploads\/2024\/09\/Rossella.png&#8220; custom_padding=&#8220;||368px||false|false&#8220; global_colors_info=&#8220;{}&#8220;][\/et_pb_image][et_pb_text _builder_version=&#8220;4.14.8&#8243; _module_preset=&#8220;default&#8220; text_text_color=&#8220;gcid-98ba2737-9db9-427d-a63b-32673745d88a&#8220; header_2_font=&#8220;|300|||||||&#8220; header_2_font_size=&#8220;27px&#8220; text_orientation=&#8220;center&#8220; hover_enabled=&#8220;0&#8243; locked=&#8220;off&#8220; global_colors_info=&#8220;{%22gcid-98ba2737-9db9-427d-a63b-32673745d88a%22:%91%22text_text_color%22%93}&#8220; sticky_enabled=&#8220;0&#8243;]<\/p>\n<h2>Rossella<\/h2>\n<p>Gesch\u00e4ftsf\u00fchrerin<\/p>\n<p>[\/et_pb_text][\/et_pb_column][et_pb_column type=&#8220;1_3&#8243; _builder_version=&#8220;4.14.8&#8243; _module_preset=&#8220;default&#8220; global_colors_info=&#8220;{}&#8220;][et_pb_image title_text=&#8220;File 00015&#8243; _builder_version=&#8220;4.14.8&#8243; _module_preset=&#8220;default&#8220; background_image=&#8220;https:\/\/www.audioprots.it\/wp-content\/uploads\/2024\/09\/File-00015.jpg&#8220; custom_padding=&#8220;||368px||false|false&#8220; global_colors_info=&#8220;{}&#8220;][\/et_pb_image][et_pb_text _builder_version=&#8220;4.14.8&#8243; _module_preset=&#8220;default&#8220; text_text_color=&#8220;gcid-98ba2737-9db9-427d-a63b-32673745d88a&#8220; header_2_font=&#8220;|300|||||||&#8220; header_2_font_size=&#8220;27px&#8220; text_orientation=&#8220;center&#8220; hover_enabled=&#8220;0&#8243; locked=&#8220;off&#8220; global_colors_info=&#8220;{%22gcid-98ba2737-9db9-427d-a63b-32673745d88a%22:%91%22text_text_color%22%93}&#8220; sticky_enabled=&#8220;0&#8243;]<\/p>\n<h2>Fabio<\/h2>\n<p>Techniker<\/p>\n<p>[\/et_pb_text][\/et_pb_column][\/et_pb_row][\/et_pb_section]<\/p>\n","protected":false},"excerpt":{"rendered":"<p>DIE GESCHICHTESeit 1988, mit 40 Jahren Erfahrung in der Branche, ist es unsere wahre Befriedigung, daf\u00fcr zu sorgen, dass sich jeder gut f\u00fchlt. Damals begannen unsere H\u00f6rger\u00e4tetechniker ihre Karriere in f\u00fchrenden Unternehmen der Branche. Im Jahr 2008 beschloss der Firmeninhaber Romano Foggia, Audiopro in seine Heimatstadt zu bringen und er\u00f6ffnete das H\u00f6rzentrum in der Via [&hellip;]<\/p>\n","protected":false},"author":1,"featured_media":0,"parent":0,"menu_order":0,"comment_status":"closed","ping_status":"closed","template":"","meta":{"_et_pb_use_builder":"on","_et_pb_old_content":"","_et_gb_content_width":"","ngg_post_thumbnail":0},"yoast_head":"<!-- This site is optimized with the Yoast SEO plugin v18.2 - https:\/\/yoast.com\/wordpress\/plugins\/seo\/ -->\n<title>Centro acustico Trieste - Audiopro<\/title>\n<meta name=\"description\" content=\"Con un team di audioprotesisti esperti, il centro acustico a Trieste si dedica a fornire un&#039;assistenza personalizzata per persone di tutte le et\u00e0 con difficolt\u00e0 uditive.\" \/>\n<meta name=\"robots\" content=\"index, follow, max-snippet:-1, max-image-preview:large, max-video-preview:-1\" \/>\n<link rel=\"canonical\" href=\"https:\/\/www.audioprots.it\/de\/unsere-geschichte\/\" \/>\n<meta property=\"og:locale\" content=\"de_DE\" \/>\n<meta property=\"og:type\" content=\"article\" \/>\n<meta property=\"og:title\" content=\"Centro acustico Trieste - Audiopro\" \/>\n<meta property=\"og:description\" content=\"Con un team di audioprotesisti esperti, il centro acustico a Trieste si dedica a fornire un&#039;assistenza personalizzata per persone di tutte le et\u00e0 con difficolt\u00e0 uditive.\" \/>\n<meta property=\"og:url\" content=\"https:\/\/www.audioprots.it\/de\/unsere-geschichte\/\" \/>\n<meta property=\"og:site_name\" content=\"Audiopro\" \/>\n<meta property=\"article:modified_time\" content=\"2025-01-08T15:55:30+00:00\" \/>\n<meta name=\"twitter:card\" content=\"summary_large_image\" \/>\n<meta name=\"twitter:label1\" content=\"Gesch\u00e4tzte Lesezeit\" \/>\n\t<meta name=\"twitter:data1\" content=\"5\u00a0Minuten\" \/>\n<script type=\"application\/ld+json\" class=\"yoast-schema-graph\">{\"@context\":\"https:\/\/schema.org\",\"@graph\":[{\"@type\":\"WebSite\",\"@id\":\"https:\/\/www.audioprots.it\/#website\",\"url\":\"https:\/\/www.audioprots.it\/\",\"name\":\"Audiopro\",\"description\":\"Centro acustico Trieste\",\"potentialAction\":[{\"@type\":\"SearchAction\",\"target\":{\"@type\":\"EntryPoint\",\"urlTemplate\":\"https:\/\/www.audioprots.it\/?s={search_term_string}\"},\"query-input\":\"required name=search_term_string\"}],\"inLanguage\":\"de\"},{\"@type\":\"WebPage\",\"@id\":\"https:\/\/www.audioprots.it\/de\/unsere-geschichte\/#webpage\",\"url\":\"https:\/\/www.audioprots.it\/de\/unsere-geschichte\/\",\"name\":\"Centro acustico Trieste - Audiopro\",\"isPartOf\":{\"@id\":\"https:\/\/www.audioprots.it\/#website\"},\"datePublished\":\"2024-09-04T13:13:25+00:00\",\"dateModified\":\"2025-01-08T15:55:30+00:00\",\"description\":\"Con un team di audioprotesisti esperti, il centro acustico a Trieste si dedica a fornire un'assistenza personalizzata per persone di tutte le et\u00e0 con difficolt\u00e0 uditive.\",\"breadcrumb\":{\"@id\":\"https:\/\/www.audioprots.it\/de\/unsere-geschichte\/#breadcrumb\"},\"inLanguage\":\"de\",\"potentialAction\":[{\"@type\":\"ReadAction\",\"target\":[\"https:\/\/www.audioprots.it\/de\/unsere-geschichte\/\"]}]},{\"@type\":\"BreadcrumbList\",\"@id\":\"https:\/\/www.audioprots.it\/de\/unsere-geschichte\/#breadcrumb\",\"itemListElement\":[{\"@type\":\"ListItem\",\"position\":1,\"name\":\"Home\",\"item\":\"https:\/\/www.audioprots.it\/de\/\"},{\"@type\":\"ListItem\",\"position\":2,\"name\":\"Unsere geschichte\"}]}]}<\/script>\n<!-- \/ Yoast SEO plugin. -->","yoast_head_json":{"title":"Centro acustico Trieste - Audiopro","description":"Con un team di audioprotesisti esperti, il centro acustico a Trieste si dedica a fornire un'assistenza personalizzata per persone di tutte le et\u00e0 con difficolt\u00e0 uditive.","robots":{"index":"index","follow":"follow","max-snippet":"max-snippet:-1","max-image-preview":"max-image-preview:large","max-video-preview":"max-video-preview:-1"},"canonical":"https:\/\/www.audioprots.it\/de\/unsere-geschichte\/","og_locale":"de_DE","og_type":"article","og_title":"Centro acustico Trieste - Audiopro","og_description":"Con un team di audioprotesisti esperti, il centro acustico a Trieste si dedica a fornire un'assistenza personalizzata per persone di tutte le et\u00e0 con difficolt\u00e0 uditive.","og_url":"https:\/\/www.audioprots.it\/de\/unsere-geschichte\/","og_site_name":"Audiopro","article_modified_time":"2025-01-08T15:55:30+00:00","twitter_card":"summary_large_image","twitter_misc":{"Gesch\u00e4tzte Lesezeit":"5\u00a0Minuten"},"schema":{"@context":"https:\/\/schema.org","@graph":[{"@type":"WebSite","@id":"https:\/\/www.audioprots.it\/#website","url":"https:\/\/www.audioprots.it\/","name":"Audiopro","description":"Centro acustico Trieste","potentialAction":[{"@type":"SearchAction","target":{"@type":"EntryPoint","urlTemplate":"https:\/\/www.audioprots.it\/?s={search_term_string}"},"query-input":"required name=search_term_string"}],"inLanguage":"de"},{"@type":"WebPage","@id":"https:\/\/www.audioprots.it\/de\/unsere-geschichte\/#webpage","url":"https:\/\/www.audioprots.it\/de\/unsere-geschichte\/","name":"Centro acustico Trieste - Audiopro","isPartOf":{"@id":"https:\/\/www.audioprots.it\/#website"},"datePublished":"2024-09-04T13:13:25+00:00","dateModified":"2025-01-08T15:55:30+00:00","description":"Con un team di audioprotesisti esperti, il centro acustico a Trieste si dedica a fornire un'assistenza personalizzata per persone di tutte le et\u00e0 con difficolt\u00e0 uditive.","breadcrumb":{"@id":"https:\/\/www.audioprots.it\/de\/unsere-geschichte\/#breadcrumb"},"inLanguage":"de","potentialAction":[{"@type":"ReadAction","target":["https:\/\/www.audioprots.it\/de\/unsere-geschichte\/"]}]},{"@type":"BreadcrumbList","@id":"https:\/\/www.audioprots.it\/de\/unsere-geschichte\/#breadcrumb","itemListElement":[{"@type":"ListItem","position":1,"name":"Home","item":"https:\/\/www.audioprots.it\/de\/"},{"@type":"ListItem","position":2,"name":"Unsere geschichte"}]}]}},"_links":{"self":[{"href":"https:\/\/www.audioprots.it\/de\/wp-json\/wp\/v2\/pages\/451"}],"collection":[{"href":"https:\/\/www.audioprots.it\/de\/wp-json\/wp\/v2\/pages"}],"about":[{"href":"https:\/\/www.audioprots.it\/de\/wp-json\/wp\/v2\/types\/page"}],"author":[{"embeddable":true,"href":"https:\/\/www.audioprots.it\/de\/wp-json\/wp\/v2\/users\/1"}],"replies":[{"embeddable":true,"href":"https:\/\/www.audioprots.it\/de\/wp-json\/wp\/v2\/comments?post=451"}],"version-history":[{"count":5,"href":"https:\/\/www.audioprots.it\/de\/wp-json\/wp\/v2\/pages\/451\/revisions"}],"predecessor-version":[{"id":584,"href":"https:\/\/www.audioprots.it\/de\/wp-json\/wp\/v2\/pages\/451\/revisions\/584"}],"wp:attachment":[{"href":"https:\/\/www.audioprots.it\/de\/wp-json\/wp\/v2\/media?parent=451"}],"curies":[{"name":"wp","href":"https:\/\/api.w.org\/{rel}","templated":true}]}}