{"id":444,"date":"2024-09-04T16:49:00","date_gmt":"2024-09-04T14:49:00","guid":{"rendered":"https:\/\/www.audioprots.it\/contatti\/"},"modified":"2025-04-24T12:06:13","modified_gmt":"2025-04-24T10:06:13","slug":"kontakte","status":"publish","type":"page","link":"https:\/\/www.audioprots.it\/de\/kontakte\/","title":{"rendered":"Kontakte"},"content":{"rendered":"<p>[et_pb_section fb_built=&#8220;1&#8243; _builder_version=&#8220;4.14.8&#8243; _module_preset=&#8220;default&#8220; background_color=&#8220;#474747&#8243; background_image=&#8220;https:\/\/www.audioprots.it\/wp-content\/uploads\/2024\/09\/SLIDER-2.jpg&#8220; background_blend=&#8220;multiply&#8220; global_colors_info=&#8220;{}&#8220;][et_pb_row _builder_version=&#8220;4.14.8&#8243; _module_preset=&#8220;default&#8220; width=&#8220;90%&#8220; max_width=&#8220;1440px&#8220; global_colors_info=&#8220;{}&#8220;][et_pb_column type=&#8220;4_4&#8243; _builder_version=&#8220;4.14.8&#8243; _module_preset=&#8220;default&#8220; global_colors_info=&#8220;{}&#8220;][et_pb_text _builder_version=&#8220;4.14.8&#8243; _dynamic_attributes=&#8220;content&#8220; _module_preset=&#8220;default&#8220; header_font=&#8220;|600|||||||&#8220; header_text_color=&#8220;#FFFFFF&#8220; header_font_size=&#8220;54px&#8220; global_colors_info=&#8220;{}&#8220;]@ET-DC@eyJkeW5hbWljIjp0cnVlLCJjb250ZW50IjoicG9zdF90aXRsZSIsInNldHRpbmdzIjp7ImJlZm9yZSI6IjxoMT4iLCJhZnRlciI6IjwvaDE+In19@[\/et_pb_text][\/et_pb_column][\/et_pb_row][\/et_pb_section][et_pb_section fb_built=&#8220;1&#8243; _builder_version=&#8220;4.14.8&#8243; _module_preset=&#8220;default&#8220; background_image=&#8220;https:\/\/www.audioprots.it\/wp-content\/uploads\/2024\/09\/Repeat-Grid-1-1.png&#8220; background_size=&#8220;initial&#8220; background_position=&#8220;bottom_left&#8220; custom_padding=&#8220;127px||0px|||&#8220; locked=&#8220;off&#8220; global_colors_info=&#8220;{}&#8220;][et_pb_row column_structure=&#8220;1_2,1_2&#8243; _builder_version=&#8220;4.14.8&#8243; _module_preset=&#8220;default&#8220; width=&#8220;90%&#8220; max_width=&#8220;1440px&#8220; custom_padding=&#8220;0px||161px|||&#8220; global_colors_info=&#8220;{}&#8220;][et_pb_column type=&#8220;1_2&#8243; _builder_version=&#8220;4.14.8&#8243; _module_preset=&#8220;default&#8220; background_enable_image=&#8220;off&#8220; custom_padding=&#8220;||284px||false|false&#8220; custom_padding_tablet=&#8220;||284px||false|false&#8220; custom_padding_phone=&#8220;||0px||false|false&#8220; custom_padding_last_edited=&#8220;on|phone&#8220; global_colors_info=&#8220;{}&#8220;][et_pb_text _builder_version=&#8220;4.14.8&#8243; _module_preset=&#8220;default&#8220; text_font=&#8220;|||on|||||&#8220; text_font_size=&#8220;16px&#8220; text_letter_spacing=&#8220;4px&#8220; custom_margin=&#8220;||13px|||&#8220; locked=&#8220;off&#8220; global_colors_info=&#8220;{}&#8220;]<\/p>\n<p>Jetzt kontakt aufnehmen<\/p>\n<p>[\/et_pb_text][et_pb_text _builder_version=&#8220;4.14.8&#8243; _module_preset=&#8220;default&#8220; header_font=&#8220;|300|||||||&#8220; header_font_size=&#8220;48px&#8220; custom_margin=&#8220;||46px|||&#8220; header_font_size_tablet=&#8220;37px&#8220; header_font_size_phone=&#8220;30px&#8220; header_font_size_last_edited=&#8220;on|phone&#8220; locked=&#8220;off&#8220; global_colors_info=&#8220;{}&#8220;]<\/p>\n<h1>Einen termin vereinbaren<\/h1>\n<p>[\/et_pb_text][et_pb_blurb title=&#8220;Telefon&#8220; use_icon=&#8220;on&#8220; font_icon=&#8220;&#xe090;||divi||400&#8243; icon_color=&#8220;#FFFFFF&#8220; image_icon_background_color=&#8220;gcid-98ba2737-9db9-427d-a63b-32673745d88a&#8220; icon_placement=&#8220;left&#8220; image_icon_width=&#8220;30px&#8220; content_max_width=&#8220;100%&#8220; _builder_version=&#8220;4.14.8&#8243; _module_preset=&#8220;default&#8220; header_font=&#8220;|300|||||||&#8220; header_font_size=&#8220;26px&#8220; image_icon_custom_margin=&#8220;-10px||||false|false&#8220; image_icon_custom_padding=&#8220;19px|21px|19px|21px|true|true&#8220; link_option_url=&#8220;tel:+39040638775&#8243; border_radii_image=&#8220;on|2px|2px|2px|2px&#8220; global_colors_info=&#8220;{%22gcid-98ba2737-9db9-427d-a63b-32673745d88a%22:%91%22image_icon_background_color%22%93}&#8220;]<\/p>\n<p><span style=\"text-decoration: underline;\">040 638775<\/span><\/p>\n<p>[\/et_pb_blurb][et_pb_blurb title=&#8220;Email&#8220; use_icon=&#8220;on&#8220; font_icon=&#8220;&#xe076;||divi||400&#8243; icon_color=&#8220;#FFFFFF&#8220; image_icon_background_color=&#8220;gcid-98ba2737-9db9-427d-a63b-32673745d88a&#8220; icon_placement=&#8220;left&#8220; image_icon_width=&#8220;30px&#8220; content_max_width=&#8220;100%&#8220; _builder_version=&#8220;4.14.8&#8243; _module_preset=&#8220;default&#8220; header_font=&#8220;|300|||||||&#8220; header_font_size=&#8220;26px&#8220; image_icon_custom_margin=&#8220;-10px||||false|false&#8220; image_icon_custom_padding=&#8220;19px|21px|19px|21px|true|true&#8220; link_option_url=&#8220;mailto:segreteria@audioprots.it&#8220; border_radii_image=&#8220;on|2px|2px|2px|2px&#8220; global_colors_info=&#8220;{%22gcid-98ba2737-9db9-427d-a63b-32673745d88a%22:%91%22image_icon_background_color%22%93}&#8220;]<\/p>\n<p><span style=\"text-decoration: underline;\">segreteria@audioprots.it<\/span><\/p>\n<p>[\/et_pb_blurb][\/et_pb_column][et_pb_column type=&#8220;1_2&#8243; _builder_version=&#8220;4.14.8&#8243; _module_preset=&#8220;default&#8220; global_colors_info=&#8220;{}&#8220;][dvppl_cf7_styler form_padding=&#8220;|0px|0px|0px|false|false&#8220; cf7=&#8220;12&#8243; form_field_padding=&#8220;10px|15px|10px|15px|false|false&#8220; form_field_spacing=&#8220;2px&#8220; _builder_version=&#8220;4.14.8&#8243; _module_preset=&#8220;default&#8220; custom_submit_button=&#8220;on&#8220; submit_button_text_size=&#8220;18px&#8220; submit_button_text_color=&#8220;#FFFFFF&#8220; submit_button_bg_color=&#8220;gcid-98ba2737-9db9-427d-a63b-32673745d88a&#8220; submit_button_border_color=&#8220;gcid-98ba2737-9db9-427d-a63b-32673745d88a&#8220; submit_button_custom_padding=&#8220;15px|53px|15px|53px|true|true&#8220; custom_margin=&#8220;||||false|false&#8220; global_colors_info=&#8220;{%22gcid-98ba2737-9db9-427d-a63b-32673745d88a%22:%91%22submit_button_bg_color%22,%22submit_button_border_color%22%93}&#8220;][\/dvppl_cf7_styler][\/et_pb_column][\/et_pb_row][\/et_pb_section][et_pb_section fb_built=&#8220;1&#8243; _builder_version=&#8220;4.14.8&#8243; _module_preset=&#8220;default&#8220; background_color=&#8220;rgba(214,214,214,0.24)&#8220; custom_padding=&#8220;1px|||||&#8220; locked=&#8220;off&#8220; global_colors_info=&#8220;{}&#8220;][et_pb_row column_structure=&#8220;1_3,1_3,1_3&#8243; _builder_version=&#8220;4.14.8&#8243; _module_preset=&#8220;default&#8220; width=&#8220;90%&#8220; max_width=&#8220;1440px&#8220; custom_margin=&#8220;-100px||||false|false&#8220; custom_padding=&#8220;0px|||||&#8220; locked=&#8220;off&#8220; global_colors_info=&#8220;{}&#8220;][et_pb_column type=&#8220;1_3&#8243; _builder_version=&#8220;4.14.8&#8243; _module_preset=&#8220;default&#8220; global_colors_info=&#8220;{}&#8220;][et_pb_code _builder_version=&#8220;4.14.8&#8243; _module_preset=&#8220;default&#8220; custom_margin=&#8220;||32px|||&#8220; global_colors_info=&#8220;{}&#8220;]<iframe src=\"https:\/\/www.google.com\/maps\/embed?pb=!1m14!1m8!1m3!1d2789.1235583632692!2d13.7801046!3d45.6483404!3m2!1i1024!2i768!4f13.1!3m3!1m2!1s0x477b6b0c30a490b9%3A0x65f88452c734b469!2sAudiopro%20Trieste!5e0!3m2!1sen!2s!4v1725453296749!5m2!1sen!2s\" width=\"100%\" height=\"450\" style=\"border:0;\" allowfullscreen=\"\" loading=\"lazy\" referrerpolicy=\"no-referrer-when-downgrade\"><\/iframe>[\/et_pb_code][et_pb_text _builder_version=&#8220;4.14.8&#8243; _module_preset=&#8220;default&#8220; text_font=&#8220;Poppins|300|||||||&#8220; text_text_color=&#8220;#242424&#8243; text_font_size=&#8220;25px&#8220; header_font=&#8220;Manrope||||||||&#8220; header_font_size=&#8220;26px&#8220; header_5_font=&#8220;Manrope|300|||||||&#8220; header_5_font_size=&#8220;18px&#8220; custom_margin=&#8220;||20px|||&#8220; custom_css_main_element=&#8220;.textts {||  display: flex;||  justify-content: space-between;||}&#8220; global_colors_info=&#8220;{}&#8220;]<\/p>\n<div class=\"textts\">\n<p><i class=\"fas fa-map-marker-alt\" style=\"color: #ef6700;\"><\/i> Hauptverwaltung von Trieste<\/p>\n<h5>Via G.Foschiatti 4\/D, Trieste 34129<\/h5>\n<\/div>\n<p>[\/et_pb_text][\/et_pb_column][et_pb_column type=&#8220;1_3&#8243; _builder_version=&#8220;4.14.8&#8243; _module_preset=&#8220;default&#8220; global_colors_info=&#8220;{}&#8220;][et_pb_code _builder_version=&#8220;4.14.8&#8243; _module_preset=&#8220;default&#8220; custom_margin=&#8220;||32px|||&#8220; global_colors_info=&#8220;{}&#8220;]<iframe src=\"https:\/\/www.google.com\/maps\/embed?pb=!1m18!1m12!1m3!1d2743.893625065531!2d11.871694277031567!3d46.54979106035456!2m3!1f0!2f0!3f0!3m2!1i1024!2i768!4f13.1!3m3!1m2!1s0x47783f066690872d%3A0x83d8447e8e7d37db!2sStr.%20Col%20Alt%2C%2038%2C%2039033%20Corvara%20in%20Badia%20BZ%2C%20Italy!5e0!3m2!1sen!2s!4v1725454328123!5m2!1sen!2s\" width=\"100%\" height=\"450\" style=\"border:0;\" allowfullscreen=\"\" loading=\"lazy\" referrerpolicy=\"no-referrer-when-downgrade\"><\/iframe>[\/et_pb_code][et_pb_text _builder_version=&#8220;4.14.8&#8243; _module_preset=&#8220;default&#8220; text_font=&#8220;Poppins|300|||||||&#8220; text_text_color=&#8220;#242424&#8243; text_font_size=&#8220;25px&#8220; header_font=&#8220;Manrope||||||||&#8220; header_font_size=&#8220;26px&#8220; header_5_font=&#8220;Manrope|300|||||||&#8220; header_5_font_size=&#8220;18px&#8220; custom_margin=&#8220;||20px|||&#8220; custom_css_main_element=&#8220;.textts {||  display: flex;||  justify-content: space-between;||}&#8220; locked=&#8220;off&#8220; global_colors_info=&#8220;{}&#8220;]<\/p>\n<div class=\"textts\">\n<p><i class=\"fas fa-map-marker-alt\" style=\"color: #ef6700;\"><\/i> Hauptverwaltung von Corvara<\/p>\n<h5>Str. Col Alt, 38 \u2013 Corvara (BZ)<\/h5>\n<\/div>\n<p>[\/et_pb_text][\/et_pb_column][et_pb_column type=&#8220;1_3&#8243; _builder_version=&#8220;4.14.8&#8243; _module_preset=&#8220;default&#8220; global_colors_info=&#8220;{}&#8220;][et_pb_code _builder_version=&#8220;4.14.8&#8243; _module_preset=&#8220;default&#8220; custom_margin=&#8220;||32px|||&#8220; global_colors_info=&#8220;{}&#8220;]<iframe src=\"https:\/\/www.google.com\/maps\/embed?pb=!1m18!1m12!1m3!1d2787.198434056813!2d13.783426992920031!3d45.68698964398185!2m3!1f0!2f0!3f0!3m2!1i1024!2i768!4f13.1!3m3!1m2!1s0x477b14b0d2f5313f%3A0xae758c9565aa47c2!2sVia%20Nazionale%2C%2047%2C%2034151%20Opicina%20TS!5e0!3m2!1sit!2sit!4v1727793309383!5m2!1sit!2sit\"width=\"100%\" height=\"450\" style=\"border:0;\" allowfullscreen=\"\" loading=\"lazy\" referrerpolicy=\"no-referrer-when-downgrade\"\"><\/iframe>[\/et_pb_code][et_pb_text _builder_version=&#8220;4.14.8&#8243; _module_preset=&#8220;default&#8220; text_font=&#8220;Poppins|300|||||||&#8220; text_text_color=&#8220;#242424&#8243; text_font_size=&#8220;25px&#8220; header_font=&#8220;Manrope||||||||&#8220; header_font_size=&#8220;26px&#8220; header_5_font=&#8220;Manrope|300|||||||&#8220; header_5_font_size=&#8220;18px&#8220; custom_margin=&#8220;||20px|||&#8220; custom_css_main_element=&#8220;.textts {||  display: flex;||  justify-content: space-between;||}&#8220; global_colors_info=&#8220;{}&#8220;]<\/p>\n<div class=\"textts\">\n<p><i class=\"fas fa-map-marker-alt\" style=\"color: #ef6700;\"><\/i> Hauptverwaltung von Opicina<\/p>\n<h5>Via Nazionale n.47 Opicina (TS)<\/h5>\n<\/div>\n<p>[\/et_pb_text][\/et_pb_column][\/et_pb_row][\/et_pb_section]<\/p>\n","protected":false},"excerpt":{"rendered":"<p>Jetzt kontakt aufnehmenEinen termin vereinbaren040 638775segreteria@audioprots.it<div class=\"et_pb_module dvppl_cf7_styler dvppl_cf7_styler_0\">\n\t\t\t\t\n\t\t\t\t\n\t\t\t\t\n\t\t\t\t\n\t\t\t\t<div class=\"et_pb_module_inner\">\n\t\t\t\t\t<div class=\"dipe-cf7-container dipe-cf7-button-left\">\n\t\t\t\t\n\t\t\t\t<div class=\"dipe-cf7 dipe-cf7-styler \">\n\t\t\t\t\t<div role=\"form\" class=\"wpcf7\" id=\"wpcf7-f581-o1\" lang=\"de-DE\" dir=\"ltr\">\n<div class=\"screen-reader-response\"><p role=\"status\" aria-live=\"polite\" aria-atomic=\"true\"><\/p> <ul><\/ul><\/div>\n<form action=\"\/de\/wp-json\/wp\/v2\/pages\/444#wpcf7-f581-o1\" method=\"post\" class=\"wpcf7-form init\" novalidate=\"novalidate\" data-status=\"init\">\n<div style=\"display: none;\">\n<input type=\"hidden\" name=\"_wpcf7\" value=\"581\" \/>\n<input type=\"hidden\" name=\"_wpcf7_version\" value=\"5.5.6\" \/>\n<input type=\"hidden\" name=\"_wpcf7_locale\" value=\"de_DE\" \/>\n<input type=\"hidden\" name=\"_wpcf7_unit_tag\" value=\"wpcf7-f581-o1\" \/>\n<input type=\"hidden\" name=\"_wpcf7_container_post\" value=\"0\" \/>\n<input type=\"hidden\" name=\"_wpcf7_posted_data_hash\" value=\"\" \/>\n<input type=\"hidden\" name=\"_wpcf7_recaptcha_response\" value=\"\" \/>\n<\/div>\n<div class=\"riga-flex\">\n<p>Vorname*<span class=\"wpcf7-form-control-wrap your-name\"><input type=\"text\" name=\"your-name\" value=\"\" size=\"40\" class=\"wpcf7-form-control wpcf7-text wpcf7-validates-as-required\" aria-required=\"true\" aria-invalid=\"false\" \/><\/span> <\/p>\n<p>Nachname*<span class=\"wpcf7-form-control-wrap your-surname\"><input type=\"text\" name=\"your-surname\" value=\"\" size=\"40\" class=\"wpcf7-form-control wpcf7-text wpcf7-validates-as-required\" aria-required=\"true\" aria-invalid=\"false\" \/><\/span> <\/p>\n<\/div>\n<div class=\"riga-flex\">\n<p>Telefon*<span class=\"wpcf7-form-control-wrap your-phone\"><input type=\"tel\" name=\"your-phone\" value=\"\" size=\"40\" class=\"wpcf7-form-control wpcf7-text wpcf7-tel wpcf7-validates-as-required wpcf7-validates-as-tel\" aria-required=\"true\" aria-invalid=\"false\" \/><\/span> <\/p>\n<p>E-mail*<span class=\"wpcf7-form-control-wrap your-email\"><input type=\"email\" name=\"your-email\" value=\"\" size=\"40\" class=\"wpcf7-form-control wpcf7-text wpcf7-email wpcf7-validates-as-required wpcf7-validates-as-email\" aria-required=\"true\" aria-invalid=\"false\" \/><\/span> <\/p>\n<\/div>\n<p>Zus\u00e4tzliche informationen<span class=\"wpcf7-form-control-wrap your-message\"><textarea name=\"your-message\" cols=\"40\" rows=\"10\" class=\"wpcf7-form-control wpcf7-textarea\" aria-invalid=\"false\"><\/textarea><\/span> <\/p>\n<div class=\"privacy\">\n<p>Nachfolgend finden Sie in schriftlicher Form Informationen \u00fcber die Verwendung der von Ihnen durch Ausf\u00fcllen dieses Formulars freigegebenen personenbezogenen Daten unter Einhaltung aller in der EU-Verordnung 2016\/679 festgelegten Vorschriften zum Schutz personenbezogener Daten im Hinblick auf die Verarbeitung personenbezogener Daten sowie den freien Datenverkehr (auch bekannt als DSGVO). Ich habe es mit der Person zu tun, die spontan das Ausf\u00fcllen von IT-Formularen verlangt, einschlie\u00dflich der Zustimmung des Benutzers und m\u00f6glicherweise des Vertrags mit der Endpartei. Die Bereitstellung der betreffenden Daten Ihrerseits ist verpflichtend; Bei einer Weigerung ist es uns nicht m\u00f6glich, das von Ihnen angeforderte Produkt\/die von Ihnen angeforderte Dienstleistung bereitzustellen (wodurch Sie m\u00f6glicherweise einer Haftung f\u00fcr Vertragsverletzungen ausgesetzt werden) und in jedem Fall Ihre Anfrage zu bearbeiten. Innerhalb unserer Struktur k\u00f6nnen nur die mit der Durchf\u00fchrung der Datenverarbeitungsvorg\u00e4nge betrauten Personen Kenntnis von den Daten erhalten, immer zu den oben genannten Zwecken. Wir erinnern Sie auch daran, dass Sie durch eine konkrete Anfrage an den f\u00fcr die Datenverarbeitung Verantwortlichen alle in den Artikeln 15 bis 22 der oben genannten EU-Verordnung vorgesehenen Rechte aus\u00fcben k\u00f6nnen, die Ihnen insbesondere das Recht einr\u00e4umen, Zugang zu verlangen auf personenbezogene Daten und auf Auszug (Art. 15 DSGVO), Berichtigung (Art. 16 DSGVO) und L\u00f6schung von Daten (Art. 17 DSGVO), Einschr\u00e4nkung der Datenverarbeitung (Art. 18 DSGVO), Daten\u00fcbertragbarkeit (Art. 20 DSGVO, sofern die Voraussetzungen nicht gegeben sind) und der Verarbeitung, die Sie betrifft, zu widersprechen (Art. 21 und 22 DSGVO, f\u00fcr die genannten konkreten F\u00e4lle und insbesondere gegen die Verarbeitung zu Marketingzwecken oder die zu einer Verarbeitung f\u00fchrt). automatisierter Entscheidungsprozess, einschlie\u00dflich Profiling, der gegebenenfalls rechtliche Auswirkungen auf ihn hat (sofern anwendbar und vorausgesetzt). Wir erinnern Sie auch an Ihr Recht, die Einwilligung jederzeit zu widerrufen, wenn die Verarbeitung auf einer Einwilligung beruht, unbeschadet der Rechtm\u00e4\u00dfigkeit der Verarbeitung, die auf der vor dem Widerruf erteilten Einwilligung beruht; Zu diesem Zweck k\u00f6nnen Sie sich zu diesem Zeitpunkt abmelden, indem Sie den Datenverantwortlichen unter den auf der Website selbst ver\u00f6ffentlichten Kontaktdaten kontaktieren. Wir informieren Sie au\u00dferdem \u00fcber das Recht, eine Beschwerde bei der Garantenbeh\u00f6rde f\u00fcr den Schutz personenbezogener Daten als in Italien t\u00e4tiger Aufsichtsbeh\u00f6rde einzureichen und eine gerichtliche Berufung sowohl gegen eine Entscheidung der Garantenbeh\u00f6rde als auch gegen den Eigent\u00fcmer der Daten einzulegen Verarbeitung selbst und\/oder eines f\u00fcr die Datenverarbeitung Verantwortlichen.<\/p>\n<\/div>\n<p><span class=\"wpcf7-form-control-wrap checkbox-899\"><span class=\"wpcf7-form-control wpcf7-checkbox wpcf7-validates-as-required\"><span class=\"wpcf7-list-item first last\"><input type=\"checkbox\" name=\"checkbox-899[]\" value=\"* Ich habe die Datenschutzbestimmungen gelesen und akzeptiere sie\" \/><span class=\"wpcf7-list-item-label\">* Ich habe die Datenschutzbestimmungen gelesen und akzeptiere sie<\/span><\/span><\/span><\/span><\/p>\n<p><input type=\"submit\" value=\"Senden\" class=\"wpcf7-form-control has-spinner wpcf7-submit\" \/><\/p>\n<input type='hidden' class='wpcf7-pum' value='{\"closepopup\":false,\"closedelay\":0,\"openpopup\":false,\"openpopup_id\":0}' \/><div class=\"wpcf7-response-output\" aria-hidden=\"true\"><\/div><\/form><\/div>\n\t\t\t\t<\/div>\n\t\t\t<\/div>\n\t\t\t\t<\/div>\n\t\t\t<\/div> Hauptverwaltung von Trieste Via G.Foschiatti 4\/D, Trieste 34129 Hauptverwaltung von Corvara Str. Col Alt, 38 \u2013 Corvara (BZ)<\/p>\n","protected":false},"author":1,"featured_media":0,"parent":0,"menu_order":0,"comment_status":"closed","ping_status":"closed","template":"","meta":{"_et_pb_use_builder":"on","_et_pb_old_content":"","_et_gb_content_width":"","ngg_post_thumbnail":0},"yoast_head":"<!-- This site is optimized with the Yoast SEO plugin v18.2 - https:\/\/yoast.com\/wordpress\/plugins\/seo\/ -->\n<title>Centro acustico Trieste - Audiopro<\/title>\n<meta name=\"description\" content=\"Scopri il Centro Acustico Audiopro a Trieste, Opicina, Muggia e Alta Badia. Offriamo soluzioni personalizzate!\" \/>\n<meta name=\"robots\" content=\"index, follow, max-snippet:-1, max-image-preview:large, max-video-preview:-1\" \/>\n<link rel=\"canonical\" href=\"https:\/\/www.audioprots.it\/de\/kontakte\/\" \/>\n<meta property=\"og:locale\" content=\"de_DE\" \/>\n<meta property=\"og:type\" content=\"article\" \/>\n<meta property=\"og:title\" content=\"Centro acustico Trieste - Audiopro\" \/>\n<meta property=\"og:description\" content=\"Scopri il Centro Acustico Audiopro a Trieste, Opicina, Muggia e Alta Badia. Offriamo soluzioni personalizzate!\" \/>\n<meta property=\"og:url\" content=\"https:\/\/www.audioprots.it\/de\/kontakte\/\" \/>\n<meta property=\"og:site_name\" content=\"Audiopro\" \/>\n<meta property=\"article:modified_time\" content=\"2025-04-24T10:06:13+00:00\" \/>\n<meta name=\"twitter:card\" content=\"summary_large_image\" \/>\n<meta name=\"twitter:label1\" content=\"Gesch\u00e4tzte Lesezeit\" \/>\n\t<meta name=\"twitter:data1\" content=\"4\u00a0Minuten\" \/>\n<script type=\"application\/ld+json\" class=\"yoast-schema-graph\">{\"@context\":\"https:\/\/schema.org\",\"@graph\":[{\"@type\":\"WebSite\",\"@id\":\"https:\/\/www.audioprots.it\/#website\",\"url\":\"https:\/\/www.audioprots.it\/\",\"name\":\"Audiopro\",\"description\":\"Centro acustico Trieste\",\"potentialAction\":[{\"@type\":\"SearchAction\",\"target\":{\"@type\":\"EntryPoint\",\"urlTemplate\":\"https:\/\/www.audioprots.it\/?s={search_term_string}\"},\"query-input\":\"required name=search_term_string\"}],\"inLanguage\":\"de\"},{\"@type\":\"WebPage\",\"@id\":\"https:\/\/www.audioprots.it\/de\/kontakte\/#webpage\",\"url\":\"https:\/\/www.audioprots.it\/de\/kontakte\/\",\"name\":\"Centro acustico Trieste - Audiopro\",\"isPartOf\":{\"@id\":\"https:\/\/www.audioprots.it\/#website\"},\"datePublished\":\"2024-09-04T14:49:00+00:00\",\"dateModified\":\"2025-04-24T10:06:13+00:00\",\"description\":\"Scopri il Centro Acustico Audiopro a Trieste, Opicina, Muggia e Alta Badia. Offriamo soluzioni personalizzate!\",\"breadcrumb\":{\"@id\":\"https:\/\/www.audioprots.it\/de\/kontakte\/#breadcrumb\"},\"inLanguage\":\"de\",\"potentialAction\":[{\"@type\":\"ReadAction\",\"target\":[\"https:\/\/www.audioprots.it\/de\/kontakte\/\"]}]},{\"@type\":\"BreadcrumbList\",\"@id\":\"https:\/\/www.audioprots.it\/de\/kontakte\/#breadcrumb\",\"itemListElement\":[{\"@type\":\"ListItem\",\"position\":1,\"name\":\"Home\",\"item\":\"https:\/\/www.audioprots.it\/de\/\"},{\"@type\":\"ListItem\",\"position\":2,\"name\":\"Kontakte\"}]}]}<\/script>\n<!-- \/ Yoast SEO plugin. -->","yoast_head_json":{"title":"Centro acustico Trieste - Audiopro","description":"Scopri il Centro Acustico Audiopro a Trieste, Opicina, Muggia e Alta Badia. Offriamo soluzioni personalizzate!","robots":{"index":"index","follow":"follow","max-snippet":"max-snippet:-1","max-image-preview":"max-image-preview:large","max-video-preview":"max-video-preview:-1"},"canonical":"https:\/\/www.audioprots.it\/de\/kontakte\/","og_locale":"de_DE","og_type":"article","og_title":"Centro acustico Trieste - Audiopro","og_description":"Scopri il Centro Acustico Audiopro a Trieste, Opicina, Muggia e Alta Badia. Offriamo soluzioni personalizzate!","og_url":"https:\/\/www.audioprots.it\/de\/kontakte\/","og_site_name":"Audiopro","article_modified_time":"2025-04-24T10:06:13+00:00","twitter_card":"summary_large_image","twitter_misc":{"Gesch\u00e4tzte Lesezeit":"4\u00a0Minuten"},"schema":{"@context":"https:\/\/schema.org","@graph":[{"@type":"WebSite","@id":"https:\/\/www.audioprots.it\/#website","url":"https:\/\/www.audioprots.it\/","name":"Audiopro","description":"Centro acustico Trieste","potentialAction":[{"@type":"SearchAction","target":{"@type":"EntryPoint","urlTemplate":"https:\/\/www.audioprots.it\/?s={search_term_string}"},"query-input":"required name=search_term_string"}],"inLanguage":"de"},{"@type":"WebPage","@id":"https:\/\/www.audioprots.it\/de\/kontakte\/#webpage","url":"https:\/\/www.audioprots.it\/de\/kontakte\/","name":"Centro acustico Trieste - Audiopro","isPartOf":{"@id":"https:\/\/www.audioprots.it\/#website"},"datePublished":"2024-09-04T14:49:00+00:00","dateModified":"2025-04-24T10:06:13+00:00","description":"Scopri il Centro Acustico Audiopro a Trieste, Opicina, Muggia e Alta Badia. Offriamo soluzioni personalizzate!","breadcrumb":{"@id":"https:\/\/www.audioprots.it\/de\/kontakte\/#breadcrumb"},"inLanguage":"de","potentialAction":[{"@type":"ReadAction","target":["https:\/\/www.audioprots.it\/de\/kontakte\/"]}]},{"@type":"BreadcrumbList","@id":"https:\/\/www.audioprots.it\/de\/kontakte\/#breadcrumb","itemListElement":[{"@type":"ListItem","position":1,"name":"Home","item":"https:\/\/www.audioprots.it\/de\/"},{"@type":"ListItem","position":2,"name":"Kontakte"}]}]}},"_links":{"self":[{"href":"https:\/\/www.audioprots.it\/de\/wp-json\/wp\/v2\/pages\/444"}],"collection":[{"href":"https:\/\/www.audioprots.it\/de\/wp-json\/wp\/v2\/pages"}],"about":[{"href":"https:\/\/www.audioprots.it\/de\/wp-json\/wp\/v2\/types\/page"}],"author":[{"embeddable":true,"href":"https:\/\/www.audioprots.it\/de\/wp-json\/wp\/v2\/users\/1"}],"replies":[{"embeddable":true,"href":"https:\/\/www.audioprots.it\/de\/wp-json\/wp\/v2\/comments?post=444"}],"version-history":[{"count":6,"href":"https:\/\/www.audioprots.it\/de\/wp-json\/wp\/v2\/pages\/444\/revisions"}],"predecessor-version":[{"id":655,"href":"https:\/\/www.audioprots.it\/de\/wp-json\/wp\/v2\/pages\/444\/revisions\/655"}],"wp:attachment":[{"href":"https:\/\/www.audioprots.it\/de\/wp-json\/wp\/v2\/media?parent=444"}],"curies":[{"name":"wp","href":"https:\/\/api.w.org\/{rel}","templated":true}]}}